{"id":48,"date":"2017-03-08T15:48:52","date_gmt":"2017-03-08T15:48:52","guid":{"rendered":"https:\/\/smartdata.tonytemplates.com\/car-repair-service-v4-services\/?page_id=48"},"modified":"2025-03-23T14:24:17","modified_gmt":"2025-03-23T13:24:17","slug":"nous-contacter","status":"publish","type":"page","link":"https:\/\/controle-technique-renaison.fr\/index.php\/nous-contacter\/","title":{"rendered":"Nous contacter"},"content":{"rendered":"\t\t<div data-elementor-type=\"wp-page\" data-elementor-id=\"48\" class=\"elementor elementor-48\">\n\t\t\t\t\t\t<section class=\"elementor-section elementor-top-section elementor-element elementor-element-6fc64d4 elementor-section-stretched elementor-section-full_width elementor-section-height-default elementor-section-height-default elementor-invisible\" data-id=\"6fc64d4\" data-element_type=\"section\" data-e-type=\"section\" data-settings=\"{&quot;stretch_section&quot;:&quot;section-stretched&quot;,&quot;animation&quot;:&quot;fadeInUp&quot;}\">\n\t\t\t\t\t\t<div class=\"elementor-container elementor-column-gap-no\">\n\t\t\t\t\t<div class=\"elementor-column elementor-col-100 elementor-top-column elementor-element elementor-element-7273983\" data-id=\"7273983\" data-element_type=\"column\" data-e-type=\"column\">\n\t\t\t<div class=\"elementor-widget-wrap elementor-element-populated\">\n\t\t\t\t\t\t<div class=\"elementor-element elementor-element-b591a35 elementor-widget elementor-widget-contact_page\" data-id=\"b591a35\" data-element_type=\"widget\" data-e-type=\"widget\" data-settings=\"{&quot;_animation&quot;:&quot;none&quot;}\" data-widget_type=\"contact_page.default\">\n\t\t\t\t<div class=\"elementor-widget-container\">\n\t\t\t\t\t\t\t<div class=\"section-bg01\">\r\n\t\t\t<div class=\"block\">\r\n\t\t\t\t<div class=\"container no-gutters\">\r\n\t\t\t\t\t<div class=\"row \">\r\n\t\t\t\t\t\t<div class=\"col-sm-5 col-md-4 col-sm-push-7 col-md-push-8\">\r\n\t\t\t\t\t\t\t<div class=\"info02-wrapper\">\r\n\t\t\t\t\t\t\t\t\t\t\t\t\t\t\t<div class=\"info02\">\r\n\t\t\t\t\t\t\t\t\t<div class=\"info02__icon\"><span class=\" icon-clock\"><\/span><\/div>\r\n\t\t\t\t\t\t\t\t\t<h6 class=\"info02__title\">\r\n\t\t\t\t\t\t\t\t\t\tHoraires d&#039;ouverture\t\t\t\t\t\t\t\t\t<\/h6>\r\n\t\t\t\t\t\t\t\t\t<address>\r\n\t\t\t\t\t\t\t\t\tLundi - Vendredi: 8:00 - 12:00 | 14:00 - 19:00\nSamedi: 8:00 - 12:00\n<br>Dimanche: Ferm\u00e9\t\t\t\t\t\t\t\t\t<\/address>\r\n\t\t\t\t\t\t\t\t<\/div>\r\n\t\t\t\t\t\t\t\t\t\t\t\t\t\t\t\t<div class=\"info02\">\r\n\t\t\t\t\t\t\t\t\t<div class=\"info02__icon\"><span class=\" icon-phone\"><\/span><\/div>\r\n\t\t\t\t\t\t\t\t\t<h6 class=\"info02__title\">\r\n\t\t\t\t\t\t\t\t\t\tPar t\u00e9l\u00e9phone\t\t\t\t\t\t\t\t\t<\/h6>\r\n\t\t\t\t\t\t\t\t\t<address>\r\n\t\t\t\t\t\t\t\t\t<a href=\"tel:+33477664966\">04 77 66 49 66  <\/a> \t\t\t\t\t\t\t\t\t<\/address>\r\n\t\t\t\t\t\t\t\t<\/div>\r\n\t\t\t\t\t\t\t\t\t\t\t\t\t\t\t\t<div class=\"info02\">\r\n\t\t\t\t\t\t\t\t\t<div class=\"info02__icon\"><span class=\" icon-email\"><\/span><\/div>\r\n\t\t\t\t\t\t\t\t\t<h6 class=\"info02__title\">\r\n\t\t\t\t\t\t\t\t\t\tPar email\t\t\t\t\t\t\t\t\t<\/h6>\r\n\t\t\t\t\t\t\t\t\t<address>\r\n\t\t\t\t\t\t\t\t\t<a href=\"mailto:ctarenaison@gmail.com\">ctarenaison@gmail.com  <\/a> \t\t\t\t\t\t\t\t\t<\/address>\r\n\t\t\t\t\t\t\t\t<\/div>\r\n\t\t\t\t\t\t\t\t\t\t\t\t\t\t\t\t<div class=\"info02\">\r\n\t\t\t\t\t\t\t\t\t<div class=\"info02__icon\"><span class=\" icon-locate\"><\/span><\/div>\r\n\t\t\t\t\t\t\t\t\t<h6 class=\"info02__title\">\r\n\t\t\t\t\t\t\t\t\t\tAdresse\t\t\t\t\t\t\t\t\t<\/h6>\r\n\t\t\t\t\t\t\t\t\t<address>\r\n\t\t\t\t\t\t\t\t\t<a href=\"https:\/\/maps.app.goo.gl\/MGr3BEeKSNfCYaPYA\" target=\"_blank\" rel=\"noopener\">145 Rue des Beluzes, 42370 Renaison<\/a>\t\t\t\t\t\t\t\t\t<\/address>\r\n\t\t\t\t\t\t\t\t<\/div>\r\n\t\t\t\t\t\t\t\t\t\t\t\t\t\t\t<\/div>\r\n\t\t\t\t\t\t<\/div>\r\n\t\t\t\t\t\t<div class=\"divider-lg hidden-lg hidden-md hidden-sm\"><\/div>\r\n\t\t\t\t\t\t<div class=\"col-sm-7 col-md-8 col-sm-pull-5 col-md-pull-4\">\r\n\t\t\t\t\t\t\t<div class=\"box-wrapper\">\r\n\t\t\t\t\t\t\t\t<div class=\"block-title text-left\">\r\n\t\t\t\t\t\t\t\t\t<h2 class=\"block-title__title\">Nous contacter<\/h2>\r\n\t\t\t\t\t\t\t\t\t<div class=\"block-title__description\">\r\n\t\t\t\t\t\t\t\t\tVous avez une question ? Nous vous r\u00e9pondrons dans les plus brefs d\u00e9lais ! \t\t\t\t\t\t\t\t\t<\/div>\r\n\t\t\t\t\t\t\t\t\t<div class=\"title-separator\"><\/div>\r\n\t\t\t\t\t\t\t\t<\/div>\r\n\t\t\t\t\t\t\t\t\n<div class=\"wpcf7 no-js\" id=\"wpcf7-f2225-o1\" lang=\"en-US\" dir=\"ltr\" data-wpcf7-id=\"2225\">\n<div class=\"screen-reader-response\"><p role=\"status\" aria-live=\"polite\" aria-atomic=\"true\"><\/p> <ul><\/ul><\/div>\n<form action=\"\/index.php\/wp-json\/wp\/v2\/pages\/48#wpcf7-f2225-o1\" method=\"post\" class=\"wpcf7-form init\" aria-label=\"Contact form\" novalidate=\"novalidate\" data-status=\"init\">\n<fieldset class=\"hidden-fields-container\"><input type=\"hidden\" name=\"_wpcf7\" value=\"2225\" \/><input type=\"hidden\" name=\"_wpcf7_version\" value=\"6.1.5\" \/><input type=\"hidden\" name=\"_wpcf7_locale\" value=\"en_US\" \/><input type=\"hidden\" name=\"_wpcf7_unit_tag\" value=\"wpcf7-f2225-o1\" \/><input type=\"hidden\" name=\"_wpcf7_container_post\" value=\"0\" \/><input type=\"hidden\" name=\"_wpcf7_posted_data_hash\" value=\"\" \/><input type=\"hidden\" name=\"_wpcf7_recaptcha_response\" value=\"\" \/>\n<\/fieldset>\n<div class=\"contact-form form-default\">\n\t<div class=\"row\">\n\t\t<div class=\"col-md-6\">\n\t\t\t<div class=\"input-wrapper\">\n\t\t\t\t<p><span class=\"wpcf7-form-control-wrap\" data-name=\"your-name\"><input size=\"40\" maxlength=\"400\" class=\"wpcf7-form-control wpcf7-text wpcf7-validates-as-required form-control input-full\" aria-required=\"true\" aria-invalid=\"false\" placeholder=\"Nom et Pr\u00e9nom\" value=\"\" type=\"text\" name=\"your-name\" \/><\/span>\n\t\t\t\t<\/p>\n\t\t\t<\/div>\n\t\t<\/div>\n\t\t<div class=\"col-md-6\">\n\t\t\t<div class=\"input-wrapper\">\n\t\t\t\t<p><span class=\"wpcf7-form-control-wrap\" data-name=\"your-email\"><input size=\"40\" maxlength=\"400\" class=\"wpcf7-form-control wpcf7-email wpcf7-validates-as-required wpcf7-text wpcf7-validates-as-email form-control input-full\" aria-required=\"true\" aria-invalid=\"false\" placeholder=\"Email\" value=\"\" type=\"email\" name=\"your-email\" \/><\/span>\n\t\t\t\t<\/p>\n\t\t\t<\/div>\n\t\t<\/div>\n\t\t<div class=\"col-md-6\">\n\t\t\t<div class=\"input-wrapper\">\n\t\t\t\t<p><span class=\"wpcf7-form-control-wrap\" data-name=\"Telephone\"><input size=\"40\" maxlength=\"10\" class=\"wpcf7-form-control wpcf7-tel wpcf7-validates-as-required wpcf7-text wpcf7-validates-as-tel form-control input-full\" id=\"telephone\" aria-required=\"true\" aria-invalid=\"false\" placeholder=\"N\u00b0 T\u00e9l\u00e9phone\" value=\"\" type=\"tel\" name=\"Telephone\" \/><\/span>\n\t\t\t\t<\/p>\n\t\t\t<\/div>\n\t\t<\/div>\n\t<\/div>\n\t<div class=\"input-wrapper\">\n\t\t<p><span class=\"wpcf7-form-control-wrap\" data-name=\"your-message\"><textarea cols=\"40\" rows=\"10\" maxlength=\"2000\" class=\"wpcf7-form-control wpcf7-textarea wpcf7-validates-as-required input-full form-control\" aria-required=\"true\" aria-invalid=\"false\" placeholder=\"Votre question\" name=\"your-message\"><\/textarea><\/span>\n\t\t<\/p>\n\t<\/div>\n\t<p><button type=\"submit\" id=\"submit-contact\" class=\"btn btn-border btn-invert btn-wide wpcf7-form-control wpcf7-submit\"><span>Envoyer<\/span><\/button>\n\t<\/p>\n<\/div>\n<p>Ce site est prot\u00e9g\u00e9 par reCAPTCHA de Google. <a href=\"https:\/\/policies.google.com\/privacy\">Politique de confidentialit\u00e9<\/a> et <a href=\"https:\/\/policies.google.com\/terms\">Conditions d'utilisation<\/a>.\n<\/p><div class=\"wpcf7-response-output\" aria-hidden=\"true\"><\/div>\n<\/form>\n<\/div>\n\t\t\t\t\t\t\t<\/div>\r\n\t\t\t\t\t\t<\/div>\r\n\t\t\t\t\t<\/div>\r\n\t\t\t\t<\/div>\r\n\t\t\t<\/div>\r\n\t\t<\/div>\r\n\t\t\t\t\t\t<\/div>\n\t\t\t\t<\/div>\n\t\t\t\t\t<\/div>\n\t\t<\/div>\n\t\t\t\t\t<\/div>\n\t\t<\/section>\n\t\t\t\t<section class=\"elementor-section elementor-top-section elementor-element elementor-element-850f3c2 elementor-section-boxed elementor-section-height-default elementor-section-height-default\" data-id=\"850f3c2\" data-element_type=\"section\" data-e-type=\"section\">\n\t\t\t\t\t\t<div class=\"elementor-container elementor-column-gap-default\">\n\t\t\t\t\t<div class=\"elementor-column elementor-col-100 elementor-top-column elementor-element elementor-element-40c5d9d\" data-id=\"40c5d9d\" data-element_type=\"column\" data-e-type=\"column\">\n\t\t\t<div class=\"elementor-widget-wrap elementor-element-populated\">\n\t\t\t\t\t\t<div class=\"elementor-element elementor-element-9d7e4b0 elementor-widget elementor-widget-heading\" data-id=\"9d7e4b0\" data-element_type=\"widget\" data-e-type=\"widget\" data-widget_type=\"heading.default\">\n\t\t\t\t<div class=\"elementor-widget-container\">\n\t\t\t\t\t<p class=\"elementor-heading-title elementor-size-small\">En validant ce formulaire, vous acceptez que DVAUTO traite vos donn\u00e9es personnelles pour r\u00e9pondre \u00e0 votre demande de contact. \nElles sont transmises aux services internes de DVAUTO en charge de leur traitement. Vos donn\u00e9es sont conserv\u00e9es trois ans \u00e0 compter de notre dernier \u00e9change. \nVous disposez des droits suivants sur vos donn\u00e9es : droit d'acc\u00e8s, droit de rectification, droit \u00e0 l'effacement (droit \u00e0 l'oubli), droit d'opposition, droit \u00e0 la limitation du traitement, droit \u00e0 la portabilit\u00e9 et droit de retirer votre consentement. \nVous pouvez \u00e9galement d\u00e9finir des directives g\u00e9n\u00e9rales ou particuli\u00e8res relatives au sort de vos donn\u00e9es personnelles (conservation, effacement, communication, etc.) apr\u00e8s votre d\u00e9c\u00e8s. \nPour les exercer, adressez votre demande \u00e0 DVAUTO \u2013 29 Rte de Saint-Romain \u2013 42370 Renaison \u2013 FRANCE ou \u00e0 ctarenaison@gmail.com<\/p>\t\t\t\t<\/div>\n\t\t\t\t<\/div>\n\t\t\t\t\t<\/div>\n\t\t<\/div>\n\t\t\t\t\t<\/div>\n\t\t<\/section>\n\t\t\t\t<\/div>\n\t\t","protected":false},"excerpt":{"rendered":"<p>Horaires d&#039;ouverture Lundi &#8211; Vendredi: 8:00 &#8211; 12:00 | 14:00 &#8211; 19:00 Samedi: 8:00 &#8211; 12:00 Dimanche: Ferm\u00e9 Par t\u00e9l\u00e9phone 04 77 66 49 66 Par email ctarenaison@gmail.com Adresse 145 Rue des Beluzes, 42370 Renaison Nous contacter Vous avez une question ? Nous vous r\u00e9pondrons dans les plus brefs d\u00e9lais ! Envoyer Ce site est [&hellip;]<\/p>\n","protected":false},"author":1,"featured_media":0,"parent":0,"menu_order":0,"comment_status":"closed","ping_status":"closed","template":"","meta":{"footnotes":""},"class_list":["post-48","page","type-page","status-publish","hentry"],"yoast_head":"<!-- This site is optimized with the Yoast SEO plugin v27.3 - https:\/\/yoast.com\/product\/yoast-seo-wordpress\/ -->\n<title>Nous contacter - Contr\u00f4le Technique Renaison<\/title>\n<meta name=\"description\" content=\"Vous avez une question ? Nous vous r\u00e9pondrons dans les plus brefs d\u00e9lais !\" \/>\n<meta name=\"robots\" content=\"index, follow, max-snippet:-1, max-image-preview:large, max-video-preview:-1\" \/>\n<link rel=\"canonical\" href=\"https:\/\/controle-technique-renaison.fr\/index.php\/nous-contacter\/\" \/>\n<meta property=\"og:locale\" content=\"fr_FR\" \/>\n<meta property=\"og:type\" content=\"article\" \/>\n<meta property=\"og:title\" content=\"Nous contacter - Contr\u00f4le Technique Renaison\" \/>\n<meta property=\"og:description\" content=\"Vous avez une question ? Nous vous r\u00e9pondrons dans les plus brefs d\u00e9lais !\" \/>\n<meta property=\"og:url\" content=\"https:\/\/controle-technique-renaison.fr\/index.php\/nous-contacter\/\" \/>\n<meta property=\"og:site_name\" content=\"Contr\u00f4le Technique Renaison\" \/>\n<meta property=\"article:publisher\" content=\"https:\/\/www.facebook.com\/controletechniquerenaison\" \/>\n<meta property=\"article:modified_time\" content=\"2025-03-23T13:24:17+00:00\" \/>\n<meta name=\"twitter:card\" content=\"summary_large_image\" \/>\n<meta name=\"twitter:label1\" content=\"Dur\u00e9e de lecture estim\u00e9e\" \/>\n\t<meta name=\"twitter:data1\" content=\"1 minute\" \/>\n<script type=\"application\/ld+json\" class=\"yoast-schema-graph\">{\"@context\":\"https:\\\/\\\/schema.org\",\"@graph\":[{\"@type\":[\"WebPage\",\"ContactPage\"],\"@id\":\"https:\\\/\\\/controle-technique-renaison.fr\\\/index.php\\\/nous-contacter\\\/\",\"url\":\"https:\\\/\\\/controle-technique-renaison.fr\\\/index.php\\\/nous-contacter\\\/\",\"name\":\"Nous contacter - Contr\u00f4le Technique Renaison\",\"isPartOf\":{\"@id\":\"https:\\\/\\\/controle-technique-renaison.fr\\\/#website\"},\"datePublished\":\"2017-03-08T15:48:52+00:00\",\"dateModified\":\"2025-03-23T13:24:17+00:00\",\"description\":\"Vous avez une question ? Nous vous r\u00e9pondrons dans les plus brefs d\u00e9lais !\",\"breadcrumb\":{\"@id\":\"https:\\\/\\\/controle-technique-renaison.fr\\\/index.php\\\/nous-contacter\\\/#breadcrumb\"},\"inLanguage\":\"fr-FR\",\"potentialAction\":[{\"@type\":\"ReadAction\",\"target\":[\"https:\\\/\\\/controle-technique-renaison.fr\\\/index.php\\\/nous-contacter\\\/\"]}]},{\"@type\":\"BreadcrumbList\",\"@id\":\"https:\\\/\\\/controle-technique-renaison.fr\\\/index.php\\\/nous-contacter\\\/#breadcrumb\",\"itemListElement\":[{\"@type\":\"ListItem\",\"position\":1,\"name\":\"Accueil\",\"item\":\"https:\\\/\\\/controle-technique-renaison.fr\\\/\"},{\"@type\":\"ListItem\",\"position\":2,\"name\":\"Nous contacter\"}]},{\"@type\":\"WebSite\",\"@id\":\"https:\\\/\\\/controle-technique-renaison.fr\\\/#website\",\"url\":\"https:\\\/\\\/controle-technique-renaison.fr\\\/\",\"name\":\"Contr\u00f4le Technique Renaison\",\"description\":\"Contr\u00f4le Technique Renaison\",\"publisher\":{\"@id\":\"https:\\\/\\\/controle-technique-renaison.fr\\\/#organization\"},\"potentialAction\":[{\"@type\":\"SearchAction\",\"target\":{\"@type\":\"EntryPoint\",\"urlTemplate\":\"https:\\\/\\\/controle-technique-renaison.fr\\\/?s={search_term_string}\"},\"query-input\":{\"@type\":\"PropertyValueSpecification\",\"valueRequired\":true,\"valueName\":\"search_term_string\"}}],\"inLanguage\":\"fr-FR\"},{\"@type\":\"Organization\",\"@id\":\"https:\\\/\\\/controle-technique-renaison.fr\\\/#organization\",\"name\":\"Contr\u00f4le Technique Renaison\",\"url\":\"https:\\\/\\\/controle-technique-renaison.fr\\\/\",\"logo\":{\"@type\":\"ImageObject\",\"inLanguage\":\"fr-FR\",\"@id\":\"https:\\\/\\\/controle-technique-renaison.fr\\\/#\\\/schema\\\/logo\\\/image\\\/\",\"url\":\"https:\\\/\\\/controle-technique-renaison.fr\\\/wp-content\\\/uploads\\\/2021\\\/12\\\/cropped-logo.jpg\",\"contentUrl\":\"https:\\\/\\\/controle-technique-renaison.fr\\\/wp-content\\\/uploads\\\/2021\\\/12\\\/cropped-logo.jpg\",\"width\":120,\"height\":120,\"caption\":\"Contr\u00f4le Technique Renaison\"},\"image\":{\"@id\":\"https:\\\/\\\/controle-technique-renaison.fr\\\/#\\\/schema\\\/logo\\\/image\\\/\"},\"sameAs\":[\"https:\\\/\\\/www.facebook.com\\\/controletechniquerenaison\",\"https:\\\/\\\/www.instagram.com\\\/controle_technique_renaison\\\/\"]}]}<\/script>\n<!-- \/ Yoast SEO plugin. -->","yoast_head_json":{"title":"Nous contacter - Contr\u00f4le Technique Renaison","description":"Vous avez une question ? Nous vous r\u00e9pondrons dans les plus brefs d\u00e9lais !","robots":{"index":"index","follow":"follow","max-snippet":"max-snippet:-1","max-image-preview":"max-image-preview:large","max-video-preview":"max-video-preview:-1"},"canonical":"https:\/\/controle-technique-renaison.fr\/index.php\/nous-contacter\/","og_locale":"fr_FR","og_type":"article","og_title":"Nous contacter - Contr\u00f4le Technique Renaison","og_description":"Vous avez une question ? Nous vous r\u00e9pondrons dans les plus brefs d\u00e9lais !","og_url":"https:\/\/controle-technique-renaison.fr\/index.php\/nous-contacter\/","og_site_name":"Contr\u00f4le Technique Renaison","article_publisher":"https:\/\/www.facebook.com\/controletechniquerenaison","article_modified_time":"2025-03-23T13:24:17+00:00","twitter_card":"summary_large_image","twitter_misc":{"Dur\u00e9e de lecture estim\u00e9e":"1 minute"},"schema":{"@context":"https:\/\/schema.org","@graph":[{"@type":["WebPage","ContactPage"],"@id":"https:\/\/controle-technique-renaison.fr\/index.php\/nous-contacter\/","url":"https:\/\/controle-technique-renaison.fr\/index.php\/nous-contacter\/","name":"Nous contacter - Contr\u00f4le Technique Renaison","isPartOf":{"@id":"https:\/\/controle-technique-renaison.fr\/#website"},"datePublished":"2017-03-08T15:48:52+00:00","dateModified":"2025-03-23T13:24:17+00:00","description":"Vous avez une question ? Nous vous r\u00e9pondrons dans les plus brefs d\u00e9lais !","breadcrumb":{"@id":"https:\/\/controle-technique-renaison.fr\/index.php\/nous-contacter\/#breadcrumb"},"inLanguage":"fr-FR","potentialAction":[{"@type":"ReadAction","target":["https:\/\/controle-technique-renaison.fr\/index.php\/nous-contacter\/"]}]},{"@type":"BreadcrumbList","@id":"https:\/\/controle-technique-renaison.fr\/index.php\/nous-contacter\/#breadcrumb","itemListElement":[{"@type":"ListItem","position":1,"name":"Accueil","item":"https:\/\/controle-technique-renaison.fr\/"},{"@type":"ListItem","position":2,"name":"Nous contacter"}]},{"@type":"WebSite","@id":"https:\/\/controle-technique-renaison.fr\/#website","url":"https:\/\/controle-technique-renaison.fr\/","name":"Contr\u00f4le Technique Renaison","description":"Contr\u00f4le Technique Renaison","publisher":{"@id":"https:\/\/controle-technique-renaison.fr\/#organization"},"potentialAction":[{"@type":"SearchAction","target":{"@type":"EntryPoint","urlTemplate":"https:\/\/controle-technique-renaison.fr\/?s={search_term_string}"},"query-input":{"@type":"PropertyValueSpecification","valueRequired":true,"valueName":"search_term_string"}}],"inLanguage":"fr-FR"},{"@type":"Organization","@id":"https:\/\/controle-technique-renaison.fr\/#organization","name":"Contr\u00f4le Technique Renaison","url":"https:\/\/controle-technique-renaison.fr\/","logo":{"@type":"ImageObject","inLanguage":"fr-FR","@id":"https:\/\/controle-technique-renaison.fr\/#\/schema\/logo\/image\/","url":"https:\/\/controle-technique-renaison.fr\/wp-content\/uploads\/2021\/12\/cropped-logo.jpg","contentUrl":"https:\/\/controle-technique-renaison.fr\/wp-content\/uploads\/2021\/12\/cropped-logo.jpg","width":120,"height":120,"caption":"Contr\u00f4le Technique Renaison"},"image":{"@id":"https:\/\/controle-technique-renaison.fr\/#\/schema\/logo\/image\/"},"sameAs":["https:\/\/www.facebook.com\/controletechniquerenaison","https:\/\/www.instagram.com\/controle_technique_renaison\/"]}]}},"_links":{"self":[{"href":"https:\/\/controle-technique-renaison.fr\/index.php\/wp-json\/wp\/v2\/pages\/48","targetHints":{"allow":["GET"]}}],"collection":[{"href":"https:\/\/controle-technique-renaison.fr\/index.php\/wp-json\/wp\/v2\/pages"}],"about":[{"href":"https:\/\/controle-technique-renaison.fr\/index.php\/wp-json\/wp\/v2\/types\/page"}],"author":[{"embeddable":true,"href":"https:\/\/controle-technique-renaison.fr\/index.php\/wp-json\/wp\/v2\/users\/1"}],"replies":[{"embeddable":true,"href":"https:\/\/controle-technique-renaison.fr\/index.php\/wp-json\/wp\/v2\/comments?post=48"}],"version-history":[{"count":3,"href":"https:\/\/controle-technique-renaison.fr\/index.php\/wp-json\/wp\/v2\/pages\/48\/revisions"}],"predecessor-version":[{"id":4015,"href":"https:\/\/controle-technique-renaison.fr\/index.php\/wp-json\/wp\/v2\/pages\/48\/revisions\/4015"}],"wp:attachment":[{"href":"https:\/\/controle-technique-renaison.fr\/index.php\/wp-json\/wp\/v2\/media?parent=48"}],"curies":[{"name":"wp","href":"https:\/\/api.w.org\/{rel}","templated":true}]}}