{"id":393,"date":"2017-04-03T05:11:55","date_gmt":"2017-04-03T05:11:55","guid":{"rendered":"https:\/\/smartdata.tonytemplates.com\/car-repair-service-v4-services\/?page_id=393"},"modified":"2022-04-24T12:00:36","modified_gmt":"2022-04-24T10:00:36","slug":"galerie-photos","status":"publish","type":"page","link":"https:\/\/controle-technique-renaison.fr\/index.php\/galerie-photos\/","title":{"rendered":"Galerie photo"},"content":{"rendered":"\t\t<div data-elementor-type=\"wp-page\" data-elementor-id=\"393\" class=\"elementor elementor-393\">\n\t\t\t\t\t\t<section class=\"elementor-section elementor-top-section elementor-element elementor-element-e9e1afc elementor-section-stretched elementor-section-full_width elementor-section-height-default elementor-section-height-default elementor-invisible\" data-id=\"e9e1afc\" data-element_type=\"section\" data-e-type=\"section\" data-settings=\"{&quot;stretch_section&quot;:&quot;section-stretched&quot;,&quot;animation&quot;:&quot;fadeInUp&quot;}\">\n\t\t\t\t\t\t<div class=\"elementor-container elementor-column-gap-no\">\n\t\t\t\t\t<div class=\"elementor-column elementor-col-100 elementor-top-column elementor-element elementor-element-9e034e8\" data-id=\"9e034e8\" data-element_type=\"column\" data-e-type=\"column\">\n\t\t\t<div class=\"elementor-widget-wrap elementor-element-populated\">\n\t\t\t\t\t\t<div class=\"elementor-element elementor-element-bad0f39 elementor-widget elementor-widget-crs_gallery\" data-id=\"bad0f39\" data-element_type=\"widget\" data-e-type=\"widget\" data-widget_type=\"crs_gallery.default\">\n\t\t\t\t<div class=\"elementor-widget-container\">\n\t\t\t\t\t\t\t\t\t<div class=\"block\">\r\n\t\t\t<div class=\"container\">\r\n\t\t\t\t<div class=\"filters-by-category\">\r\n\t\t\t\t\t<ul class=\"option-set\" data-option-key=\"filter\">\r\n\t\t\t\t\t\t<li><a href=\"#filter\" data-option-value=\"*\" class=\"selected\">Toutes<\/a><\/li>\r\n\t\t\t\t\t\t\t\t\t\t\t<\/ul>\r\n\t\t\t\t<\/div>\r\n\t\t\t\t<div class=\"gallery gallery-isotope gallery-col-4\" id=\"gallery\"> \t\t\t\t\t<input type=\"hidden\" id=\"ga_per_page\" value=\"8\"\/>\r\n\t\t\t\t\t<input type=\"hidden\" id=\"grid_style\" value=\"gallery\"\/>\r\n\t\t\t\t\t<input type=\"hidden\" id=\"ga_total_tes\" value=\"19 \"\/>\r\n\t\t\t\t\t\t\t\t\t\t\t<div class=\"gallery-item \">\r\n\t\t\t\t\t\t\t<div class=\"gallery-item-image\">\r\n\t\t\t\t\t\t\t\t<img fetchpriority=\"high\" decoding=\"async\" width=\"1920\" height=\"2560\" src=\"https:\/\/controle-technique-renaison.fr\/wp-content\/uploads\/2022\/03\/controle-dvauto29--scaled.jpg\" class=\"attachment-full size-full\" alt=\"controle-dvauto29\" srcset=\"https:\/\/controle-technique-renaison.fr\/wp-content\/uploads\/2022\/03\/controle-dvauto29--scaled.jpg 1920w, https:\/\/controle-technique-renaison.fr\/wp-content\/uploads\/2022\/03\/controle-dvauto29--225x300.jpg 225w, https:\/\/controle-technique-renaison.fr\/wp-content\/uploads\/2022\/03\/controle-dvauto29--768x1024.jpg 768w, https:\/\/controle-technique-renaison.fr\/wp-content\/uploads\/2022\/03\/controle-dvauto29--1152x1536.jpg 1152w, https:\/\/controle-technique-renaison.fr\/wp-content\/uploads\/2022\/03\/controle-dvauto29--1536x2048.jpg 1536w, https:\/\/controle-technique-renaison.fr\/wp-content\/uploads\/2022\/03\/controle-dvauto29--368x491.jpg 368w\" sizes=\"(max-width: 1920px) 100vw, 1920px\" \/>\t\t\t\t\t\t\t\t<a class=\"hover\" href=\"https:\/\/controle-technique-renaison.fr\/wp-content\/uploads\/2022\/03\/controle-dvauto29--scaled.jpg\">\r\n\t\t\t\t\t\t\t\t\t<span class=\"view\"><\/span>\r\n\t\t\t\t\t\t\t\t<\/a>\r\n\t\t\t\t\t\t\t<\/div>\r\n\t\t\t\t\t\t<\/div>\r\n\t\t\t\t\t\t\t\t\t\t\t\t<div class=\"gallery-item \">\r\n\t\t\t\t\t\t\t<div class=\"gallery-item-image\">\r\n\t\t\t\t\t\t\t\t<img decoding=\"async\" width=\"1920\" height=\"2560\" src=\"https:\/\/controle-technique-renaison.fr\/wp-content\/uploads\/2022\/04\/controle-dvauto11.1-scaled.jpg\" class=\"attachment-full size-full\" alt=\"controle-dvauto11.1\" srcset=\"https:\/\/controle-technique-renaison.fr\/wp-content\/uploads\/2022\/04\/controle-dvauto11.1-scaled.jpg 1920w, https:\/\/controle-technique-renaison.fr\/wp-content\/uploads\/2022\/04\/controle-dvauto11.1-225x300.jpg 225w, https:\/\/controle-technique-renaison.fr\/wp-content\/uploads\/2022\/04\/controle-dvauto11.1-768x1024.jpg 768w, https:\/\/controle-technique-renaison.fr\/wp-content\/uploads\/2022\/04\/controle-dvauto11.1-1152x1536.jpg 1152w, https:\/\/controle-technique-renaison.fr\/wp-content\/uploads\/2022\/04\/controle-dvauto11.1-1536x2048.jpg 1536w, https:\/\/controle-technique-renaison.fr\/wp-content\/uploads\/2022\/04\/controle-dvauto11.1-368x491.jpg 368w\" sizes=\"(max-width: 1920px) 100vw, 1920px\" \/>\t\t\t\t\t\t\t\t<a class=\"hover\" href=\"https:\/\/controle-technique-renaison.fr\/wp-content\/uploads\/2022\/04\/controle-dvauto11.1-scaled.jpg\">\r\n\t\t\t\t\t\t\t\t\t<span class=\"view\"><\/span>\r\n\t\t\t\t\t\t\t\t<\/a>\r\n\t\t\t\t\t\t\t<\/div>\r\n\t\t\t\t\t\t<\/div>\r\n\t\t\t\t\t\t\t\t\t\t\t\t<div class=\"gallery-item \">\r\n\t\t\t\t\t\t\t<div class=\"gallery-item-image\">\r\n\t\t\t\t\t\t\t\t<img decoding=\"async\" width=\"1440\" height=\"1440\" src=\"https:\/\/controle-technique-renaison.fr\/wp-content\/uploads\/2022\/04\/controle-dvauto10.1.webp\" class=\"attachment-full size-full\" alt=\"controle-dvauto10.1\" srcset=\"https:\/\/controle-technique-renaison.fr\/wp-content\/uploads\/2022\/04\/controle-dvauto10.1.webp 1440w, https:\/\/controle-technique-renaison.fr\/wp-content\/uploads\/2022\/04\/controle-dvauto10.1-300x300.webp 300w, https:\/\/controle-technique-renaison.fr\/wp-content\/uploads\/2022\/04\/controle-dvauto10.1-1024x1024.webp 1024w, https:\/\/controle-technique-renaison.fr\/wp-content\/uploads\/2022\/04\/controle-dvauto10.1-150x150.webp 150w, https:\/\/controle-technique-renaison.fr\/wp-content\/uploads\/2022\/04\/controle-dvauto10.1-768x768.webp 768w, https:\/\/controle-technique-renaison.fr\/wp-content\/uploads\/2022\/04\/controle-dvauto10.1-491x491.webp 491w, https:\/\/controle-technique-renaison.fr\/wp-content\/uploads\/2022\/04\/controle-dvauto10.1-390x390.webp 390w, https:\/\/controle-technique-renaison.fr\/wp-content\/uploads\/2022\/04\/controle-dvauto10.1-370x370.webp 370w, https:\/\/controle-technique-renaison.fr\/wp-content\/uploads\/2022\/04\/controle-dvauto10.1-178x179.webp 178w, https:\/\/controle-technique-renaison.fr\/wp-content\/uploads\/2022\/04\/controle-dvauto10.1-63x63.webp 63w\" sizes=\"(max-width: 1440px) 100vw, 1440px\" \/>\t\t\t\t\t\t\t\t<a class=\"hover\" href=\"https:\/\/controle-technique-renaison.fr\/wp-content\/uploads\/2022\/04\/controle-dvauto10.1.webp\">\r\n\t\t\t\t\t\t\t\t\t<span class=\"view\"><\/span>\r\n\t\t\t\t\t\t\t\t<\/a>\r\n\t\t\t\t\t\t\t<\/div>\r\n\t\t\t\t\t\t<\/div>\r\n\t\t\t\t\t\t\t\t\t\t\t\t<div class=\"gallery-item \">\r\n\t\t\t\t\t\t\t<div class=\"gallery-item-image\">\r\n\t\t\t\t\t\t\t\t<img loading=\"lazy\" decoding=\"async\" width=\"1440\" height=\"1440\" src=\"https:\/\/controle-technique-renaison.fr\/wp-content\/uploads\/2022\/04\/controle-dvauto9.1.webp\" class=\"attachment-full size-full\" alt=\"controle-dvauto9.1\" srcset=\"https:\/\/controle-technique-renaison.fr\/wp-content\/uploads\/2022\/04\/controle-dvauto9.1.webp 1440w, https:\/\/controle-technique-renaison.fr\/wp-content\/uploads\/2022\/04\/controle-dvauto9.1-300x300.webp 300w, https:\/\/controle-technique-renaison.fr\/wp-content\/uploads\/2022\/04\/controle-dvauto9.1-1024x1024.webp 1024w, https:\/\/controle-technique-renaison.fr\/wp-content\/uploads\/2022\/04\/controle-dvauto9.1-150x150.webp 150w, https:\/\/controle-technique-renaison.fr\/wp-content\/uploads\/2022\/04\/controle-dvauto9.1-768x768.webp 768w, https:\/\/controle-technique-renaison.fr\/wp-content\/uploads\/2022\/04\/controle-dvauto9.1-491x491.webp 491w, https:\/\/controle-technique-renaison.fr\/wp-content\/uploads\/2022\/04\/controle-dvauto9.1-390x390.webp 390w, https:\/\/controle-technique-renaison.fr\/wp-content\/uploads\/2022\/04\/controle-dvauto9.1-370x370.webp 370w, https:\/\/controle-technique-renaison.fr\/wp-content\/uploads\/2022\/04\/controle-dvauto9.1-178x179.webp 178w, https:\/\/controle-technique-renaison.fr\/wp-content\/uploads\/2022\/04\/controle-dvauto9.1-63x63.webp 63w\" sizes=\"(max-width: 1440px) 100vw, 1440px\" \/>\t\t\t\t\t\t\t\t<a class=\"hover\" href=\"https:\/\/controle-technique-renaison.fr\/wp-content\/uploads\/2022\/04\/controle-dvauto9.1.webp\">\r\n\t\t\t\t\t\t\t\t\t<span class=\"view\"><\/span>\r\n\t\t\t\t\t\t\t\t<\/a>\r\n\t\t\t\t\t\t\t<\/div>\r\n\t\t\t\t\t\t<\/div>\r\n\t\t\t\t\t\t\t\t\t\t\t\t<div class=\"gallery-item \">\r\n\t\t\t\t\t\t\t<div class=\"gallery-item-image\">\r\n\t\t\t\t\t\t\t\t<img loading=\"lazy\" decoding=\"async\" width=\"1920\" height=\"2560\" src=\"https:\/\/controle-technique-renaison.fr\/wp-content\/uploads\/2022\/04\/controle-dvauto8.1-scaled.jpg\" class=\"attachment-full size-full\" alt=\"controle-dvauto8.1\" srcset=\"https:\/\/controle-technique-renaison.fr\/wp-content\/uploads\/2022\/04\/controle-dvauto8.1-scaled.jpg 1920w, https:\/\/controle-technique-renaison.fr\/wp-content\/uploads\/2022\/04\/controle-dvauto8.1-225x300.jpg 225w, https:\/\/controle-technique-renaison.fr\/wp-content\/uploads\/2022\/04\/controle-dvauto8.1-768x1024.jpg 768w, https:\/\/controle-technique-renaison.fr\/wp-content\/uploads\/2022\/04\/controle-dvauto8.1-1152x1536.jpg 1152w, https:\/\/controle-technique-renaison.fr\/wp-content\/uploads\/2022\/04\/controle-dvauto8.1-1536x2048.jpg 1536w, https:\/\/controle-technique-renaison.fr\/wp-content\/uploads\/2022\/04\/controle-dvauto8.1-368x491.jpg 368w\" sizes=\"(max-width: 1920px) 100vw, 1920px\" \/>\t\t\t\t\t\t\t\t<a class=\"hover\" href=\"https:\/\/controle-technique-renaison.fr\/wp-content\/uploads\/2022\/04\/controle-dvauto8.1-scaled.jpg\">\r\n\t\t\t\t\t\t\t\t\t<span class=\"view\"><\/span>\r\n\t\t\t\t\t\t\t\t<\/a>\r\n\t\t\t\t\t\t\t<\/div>\r\n\t\t\t\t\t\t<\/div>\r\n\t\t\t\t\t\t\t\t\t\t\t\t<div class=\"gallery-item \">\r\n\t\t\t\t\t\t\t<div class=\"gallery-item-image\">\r\n\t\t\t\t\t\t\t\t<img loading=\"lazy\" decoding=\"async\" width=\"1538\" height=\"2048\" src=\"https:\/\/controle-technique-renaison.fr\/wp-content\/uploads\/2022\/03\/controle-dvauto27.jpeg\" class=\"attachment-full size-full\" alt=\"controle-dvauto27\" srcset=\"https:\/\/controle-technique-renaison.fr\/wp-content\/uploads\/2022\/03\/controle-dvauto27.jpeg 1538w, https:\/\/controle-technique-renaison.fr\/wp-content\/uploads\/2022\/03\/controle-dvauto27-225x300.jpeg 225w, https:\/\/controle-technique-renaison.fr\/wp-content\/uploads\/2022\/03\/controle-dvauto27-769x1024.jpeg 769w, https:\/\/controle-technique-renaison.fr\/wp-content\/uploads\/2022\/03\/controle-dvauto27-768x1023.jpeg 768w, https:\/\/controle-technique-renaison.fr\/wp-content\/uploads\/2022\/03\/controle-dvauto27-1154x1536.jpeg 1154w, https:\/\/controle-technique-renaison.fr\/wp-content\/uploads\/2022\/03\/controle-dvauto27-369x491.jpeg 369w, https:\/\/controle-technique-renaison.fr\/wp-content\/uploads\/2022\/03\/controle-dvauto27-600x799.jpeg 600w\" sizes=\"(max-width: 1538px) 100vw, 1538px\" \/>\t\t\t\t\t\t\t\t<a class=\"hover\" href=\"https:\/\/controle-technique-renaison.fr\/wp-content\/uploads\/2022\/03\/controle-dvauto27.jpeg\">\r\n\t\t\t\t\t\t\t\t\t<span class=\"view\"><\/span>\r\n\t\t\t\t\t\t\t\t<\/a>\r\n\t\t\t\t\t\t\t<\/div>\r\n\t\t\t\t\t\t<\/div>\r\n\t\t\t\t\t\t\t\t\t\t\t\t<div class=\"gallery-item \">\r\n\t\t\t\t\t\t\t<div class=\"gallery-item-image\">\r\n\t\t\t\t\t\t\t\t<img loading=\"lazy\" decoding=\"async\" width=\"1440\" height=\"1440\" src=\"https:\/\/controle-technique-renaison.fr\/wp-content\/uploads\/2022\/03\/controle-dvauto26.jpeg\" class=\"attachment-full size-full\" alt=\"controle-dvauto26\" srcset=\"https:\/\/controle-technique-renaison.fr\/wp-content\/uploads\/2022\/03\/controle-dvauto26.jpeg 1440w, https:\/\/controle-technique-renaison.fr\/wp-content\/uploads\/2022\/03\/controle-dvauto26-300x300.jpeg 300w, https:\/\/controle-technique-renaison.fr\/wp-content\/uploads\/2022\/03\/controle-dvauto26-1024x1024.jpeg 1024w, https:\/\/controle-technique-renaison.fr\/wp-content\/uploads\/2022\/03\/controle-dvauto26-150x150.jpeg 150w, https:\/\/controle-technique-renaison.fr\/wp-content\/uploads\/2022\/03\/controle-dvauto26-768x768.jpeg 768w, https:\/\/controle-technique-renaison.fr\/wp-content\/uploads\/2022\/03\/controle-dvauto26-491x491.jpeg 491w, https:\/\/controle-technique-renaison.fr\/wp-content\/uploads\/2022\/03\/controle-dvauto26-390x390.jpeg 390w, https:\/\/controle-technique-renaison.fr\/wp-content\/uploads\/2022\/03\/controle-dvauto26-370x370.jpeg 370w, https:\/\/controle-technique-renaison.fr\/wp-content\/uploads\/2022\/03\/controle-dvauto26-178x179.jpeg 178w, https:\/\/controle-technique-renaison.fr\/wp-content\/uploads\/2022\/03\/controle-dvauto26-63x63.jpeg 63w, https:\/\/controle-technique-renaison.fr\/wp-content\/uploads\/2022\/03\/controle-dvauto26-600x600.jpeg 600w, https:\/\/controle-technique-renaison.fr\/wp-content\/uploads\/2022\/03\/controle-dvauto26-100x100.jpeg 100w\" sizes=\"(max-width: 1440px) 100vw, 1440px\" \/>\t\t\t\t\t\t\t\t<a class=\"hover\" href=\"https:\/\/controle-technique-renaison.fr\/wp-content\/uploads\/2022\/03\/controle-dvauto26.jpeg\">\r\n\t\t\t\t\t\t\t\t\t<span class=\"view\"><\/span>\r\n\t\t\t\t\t\t\t\t<\/a>\r\n\t\t\t\t\t\t\t<\/div>\r\n\t\t\t\t\t\t<\/div>\r\n\t\t\t\t\t\t\t\t\t\t\t\t<div class=\"gallery-item \">\r\n\t\t\t\t\t\t\t<div class=\"gallery-item-image\">\r\n\t\t\t\t\t\t\t\t<img loading=\"lazy\" decoding=\"async\" width=\"1440\" height=\"1440\" src=\"https:\/\/controle-technique-renaison.fr\/wp-content\/uploads\/2022\/03\/controle-dvauto25.jpeg\" class=\"attachment-full size-full\" alt=\"controle-dvauto25\" srcset=\"https:\/\/controle-technique-renaison.fr\/wp-content\/uploads\/2022\/03\/controle-dvauto25.jpeg 1440w, https:\/\/controle-technique-renaison.fr\/wp-content\/uploads\/2022\/03\/controle-dvauto25-300x300.jpeg 300w, https:\/\/controle-technique-renaison.fr\/wp-content\/uploads\/2022\/03\/controle-dvauto25-1024x1024.jpeg 1024w, https:\/\/controle-technique-renaison.fr\/wp-content\/uploads\/2022\/03\/controle-dvauto25-150x150.jpeg 150w, https:\/\/controle-technique-renaison.fr\/wp-content\/uploads\/2022\/03\/controle-dvauto25-768x768.jpeg 768w, https:\/\/controle-technique-renaison.fr\/wp-content\/uploads\/2022\/03\/controle-dvauto25-491x491.jpeg 491w, https:\/\/controle-technique-renaison.fr\/wp-content\/uploads\/2022\/03\/controle-dvauto25-390x390.jpeg 390w, https:\/\/controle-technique-renaison.fr\/wp-content\/uploads\/2022\/03\/controle-dvauto25-370x370.jpeg 370w, https:\/\/controle-technique-renaison.fr\/wp-content\/uploads\/2022\/03\/controle-dvauto25-178x179.jpeg 178w, https:\/\/controle-technique-renaison.fr\/wp-content\/uploads\/2022\/03\/controle-dvauto25-63x63.jpeg 63w, https:\/\/controle-technique-renaison.fr\/wp-content\/uploads\/2022\/03\/controle-dvauto25-600x600.jpeg 600w, https:\/\/controle-technique-renaison.fr\/wp-content\/uploads\/2022\/03\/controle-dvauto25-100x100.jpeg 100w\" sizes=\"(max-width: 1440px) 100vw, 1440px\" \/>\t\t\t\t\t\t\t\t<a class=\"hover\" href=\"https:\/\/controle-technique-renaison.fr\/wp-content\/uploads\/2022\/03\/controle-dvauto25.jpeg\">\r\n\t\t\t\t\t\t\t\t\t<span class=\"view\"><\/span>\r\n\t\t\t\t\t\t\t\t<\/a>\r\n\t\t\t\t\t\t\t<\/div>\r\n\t\t\t\t\t\t<\/div>\r\n\t\t\t\t\t\t<\/div>\t\t\t\t\t\t\t\t<div id=\"galleryPreload\"><\/div>\r\n\t\t\t<div id=\"gallerymoreLoader\" class=\"more-loader\"><img decoding=\"async\" src=\"https:\/\/controle-technique-renaison.fr\/wp-content\/themes\/car-repair-services\/images\/ajax-loader.gif\" alt=\"img\"><\/div>\r\n\t\t\t<div class=\"text-center\">\r\n\t\t\t\t<a class=\"btn btn-border btn-wide btn-invert btn-top view-more-gallery\" data-load=\"gallery-more-ajax.txt\"><span>En voir plus<\/span><\/a>\r\n\t\t\t<\/div>\r\n\t\t\t\t\t\t\t\t<\/div><\/div>\t\t\t\t<\/div>\n\t\t\t\t<\/div>\n\t\t\t\t\t<\/div>\n\t\t<\/div>\n\t\t\t\t\t<\/div>\n\t\t<\/section>\n\t\t\t\t<\/div>\n\t\t","protected":false},"excerpt":{"rendered":"<p>All<\/p>\n","protected":false},"author":1,"featured_media":0,"parent":0,"menu_order":0,"comment_status":"closed","ping_status":"closed","template":"","meta":{"footnotes":""},"class_list":["post-393","page","type-page","status-publish","hentry"],"yoast_head":"<!-- This site is optimized with the Yoast SEO plugin v27.3 - https:\/\/yoast.com\/product\/yoast-seo-wordpress\/ -->\n<title>Galerie photo - Contr\u00f4le Technique Renaison<\/title>\n<meta name=\"description\" content=\"Retrouvez sur cette page notre galerie photo. Venez voir les diff\u00e9rents types de v\u00e9hicules que nous contr\u00f4lons.\" \/>\n<meta name=\"robots\" content=\"index, follow, max-snippet:-1, max-image-preview:large, max-video-preview:-1\" \/>\n<link rel=\"canonical\" href=\"https:\/\/controle-technique-renaison.fr\/index.php\/galerie-photos\/\" \/>\n<meta property=\"og:locale\" content=\"fr_FR\" \/>\n<meta property=\"og:type\" content=\"article\" \/>\n<meta property=\"og:title\" content=\"Galerie photo - Contr\u00f4le Technique Renaison\" \/>\n<meta property=\"og:description\" content=\"Retrouvez sur cette page notre galerie photo. Venez voir les diff\u00e9rents types de v\u00e9hicules que nous contr\u00f4lons.\" \/>\n<meta property=\"og:url\" content=\"https:\/\/controle-technique-renaison.fr\/index.php\/galerie-photos\/\" \/>\n<meta property=\"og:site_name\" content=\"Contr\u00f4le Technique Renaison\" \/>\n<meta property=\"article:publisher\" content=\"https:\/\/www.facebook.com\/controletechniquerenaison\" \/>\n<meta property=\"article:modified_time\" content=\"2022-04-24T10:00:36+00:00\" \/>\n<meta property=\"og:image\" content=\"https:\/\/controle-technique-renaison.fr\/wp-content\/uploads\/2022\/03\/controle-dvauto6.jpg\" \/>\n<meta name=\"twitter:card\" content=\"summary_large_image\" \/>\n<meta name=\"twitter:label1\" content=\"Dur\u00e9e de lecture estim\u00e9e\" \/>\n\t<meta name=\"twitter:data1\" content=\"2 minutes\" \/>\n<script type=\"application\/ld+json\" class=\"yoast-schema-graph\">{\"@context\":\"https:\\\/\\\/schema.org\",\"@graph\":[{\"@type\":\"WebPage\",\"@id\":\"https:\\\/\\\/controle-technique-renaison.fr\\\/index.php\\\/galerie-photos\\\/\",\"url\":\"https:\\\/\\\/controle-technique-renaison.fr\\\/index.php\\\/galerie-photos\\\/\",\"name\":\"Galerie photo - Contr\u00f4le Technique Renaison\",\"isPartOf\":{\"@id\":\"https:\\\/\\\/controle-technique-renaison.fr\\\/#website\"},\"primaryImageOfPage\":{\"@id\":\"https:\\\/\\\/controle-technique-renaison.fr\\\/index.php\\\/galerie-photos\\\/#primaryimage\"},\"image\":{\"@id\":\"https:\\\/\\\/controle-technique-renaison.fr\\\/index.php\\\/galerie-photos\\\/#primaryimage\"},\"thumbnailUrl\":\"https:\\\/\\\/controle-technique-renaison.fr\\\/wp-content\\\/uploads\\\/2022\\\/03\\\/controle-dvauto6.jpg\",\"datePublished\":\"2017-04-03T05:11:55+00:00\",\"dateModified\":\"2022-04-24T10:00:36+00:00\",\"description\":\"Retrouvez sur cette page notre galerie photo. Venez voir les diff\u00e9rents types de v\u00e9hicules que nous contr\u00f4lons.\",\"breadcrumb\":{\"@id\":\"https:\\\/\\\/controle-technique-renaison.fr\\\/index.php\\\/galerie-photos\\\/#breadcrumb\"},\"inLanguage\":\"fr-FR\",\"potentialAction\":[{\"@type\":\"ReadAction\",\"target\":[\"https:\\\/\\\/controle-technique-renaison.fr\\\/index.php\\\/galerie-photos\\\/\"]}]},{\"@type\":\"ImageObject\",\"inLanguage\":\"fr-FR\",\"@id\":\"https:\\\/\\\/controle-technique-renaison.fr\\\/index.php\\\/galerie-photos\\\/#primaryimage\",\"url\":\"https:\\\/\\\/controle-technique-renaison.fr\\\/wp-content\\\/uploads\\\/2022\\\/03\\\/controle-dvauto6.jpg\",\"contentUrl\":\"https:\\\/\\\/controle-technique-renaison.fr\\\/wp-content\\\/uploads\\\/2022\\\/03\\\/controle-dvauto6.jpg\",\"width\":1532,\"height\":2048,\"caption\":\"controle-dvauto6\"},{\"@type\":\"BreadcrumbList\",\"@id\":\"https:\\\/\\\/controle-technique-renaison.fr\\\/index.php\\\/galerie-photos\\\/#breadcrumb\",\"itemListElement\":[{\"@type\":\"ListItem\",\"position\":1,\"name\":\"Accueil\",\"item\":\"https:\\\/\\\/controle-technique-renaison.fr\\\/\"},{\"@type\":\"ListItem\",\"position\":2,\"name\":\"Galerie photo\"}]},{\"@type\":\"WebSite\",\"@id\":\"https:\\\/\\\/controle-technique-renaison.fr\\\/#website\",\"url\":\"https:\\\/\\\/controle-technique-renaison.fr\\\/\",\"name\":\"Contr\u00f4le Technique Renaison\",\"description\":\"Contr\u00f4le Technique Renaison\",\"publisher\":{\"@id\":\"https:\\\/\\\/controle-technique-renaison.fr\\\/#organization\"},\"potentialAction\":[{\"@type\":\"SearchAction\",\"target\":{\"@type\":\"EntryPoint\",\"urlTemplate\":\"https:\\\/\\\/controle-technique-renaison.fr\\\/?s={search_term_string}\"},\"query-input\":{\"@type\":\"PropertyValueSpecification\",\"valueRequired\":true,\"valueName\":\"search_term_string\"}}],\"inLanguage\":\"fr-FR\"},{\"@type\":\"Organization\",\"@id\":\"https:\\\/\\\/controle-technique-renaison.fr\\\/#organization\",\"name\":\"Contr\u00f4le Technique Renaison\",\"url\":\"https:\\\/\\\/controle-technique-renaison.fr\\\/\",\"logo\":{\"@type\":\"ImageObject\",\"inLanguage\":\"fr-FR\",\"@id\":\"https:\\\/\\\/controle-technique-renaison.fr\\\/#\\\/schema\\\/logo\\\/image\\\/\",\"url\":\"https:\\\/\\\/controle-technique-renaison.fr\\\/wp-content\\\/uploads\\\/2021\\\/12\\\/cropped-logo.jpg\",\"contentUrl\":\"https:\\\/\\\/controle-technique-renaison.fr\\\/wp-content\\\/uploads\\\/2021\\\/12\\\/cropped-logo.jpg\",\"width\":120,\"height\":120,\"caption\":\"Contr\u00f4le Technique Renaison\"},\"image\":{\"@id\":\"https:\\\/\\\/controle-technique-renaison.fr\\\/#\\\/schema\\\/logo\\\/image\\\/\"},\"sameAs\":[\"https:\\\/\\\/www.facebook.com\\\/controletechniquerenaison\",\"https:\\\/\\\/www.instagram.com\\\/controle_technique_renaison\\\/\"]}]}<\/script>\n<!-- \/ Yoast SEO plugin. -->","yoast_head_json":{"title":"Galerie photo - Contr\u00f4le Technique Renaison","description":"Retrouvez sur cette page notre galerie photo. Venez voir les diff\u00e9rents types de v\u00e9hicules que nous contr\u00f4lons.","robots":{"index":"index","follow":"follow","max-snippet":"max-snippet:-1","max-image-preview":"max-image-preview:large","max-video-preview":"max-video-preview:-1"},"canonical":"https:\/\/controle-technique-renaison.fr\/index.php\/galerie-photos\/","og_locale":"fr_FR","og_type":"article","og_title":"Galerie photo - Contr\u00f4le Technique Renaison","og_description":"Retrouvez sur cette page notre galerie photo. Venez voir les diff\u00e9rents types de v\u00e9hicules que nous contr\u00f4lons.","og_url":"https:\/\/controle-technique-renaison.fr\/index.php\/galerie-photos\/","og_site_name":"Contr\u00f4le Technique Renaison","article_publisher":"https:\/\/www.facebook.com\/controletechniquerenaison","article_modified_time":"2022-04-24T10:00:36+00:00","og_image":[{"url":"https:\/\/controle-technique-renaison.fr\/wp-content\/uploads\/2022\/03\/controle-dvauto6.jpg","type":"","width":"","height":""}],"twitter_card":"summary_large_image","twitter_misc":{"Dur\u00e9e de lecture estim\u00e9e":"2 minutes"},"schema":{"@context":"https:\/\/schema.org","@graph":[{"@type":"WebPage","@id":"https:\/\/controle-technique-renaison.fr\/index.php\/galerie-photos\/","url":"https:\/\/controle-technique-renaison.fr\/index.php\/galerie-photos\/","name":"Galerie photo - Contr\u00f4le Technique Renaison","isPartOf":{"@id":"https:\/\/controle-technique-renaison.fr\/#website"},"primaryImageOfPage":{"@id":"https:\/\/controle-technique-renaison.fr\/index.php\/galerie-photos\/#primaryimage"},"image":{"@id":"https:\/\/controle-technique-renaison.fr\/index.php\/galerie-photos\/#primaryimage"},"thumbnailUrl":"https:\/\/controle-technique-renaison.fr\/wp-content\/uploads\/2022\/03\/controle-dvauto6.jpg","datePublished":"2017-04-03T05:11:55+00:00","dateModified":"2022-04-24T10:00:36+00:00","description":"Retrouvez sur cette page notre galerie photo. Venez voir les diff\u00e9rents types de v\u00e9hicules que nous contr\u00f4lons.","breadcrumb":{"@id":"https:\/\/controle-technique-renaison.fr\/index.php\/galerie-photos\/#breadcrumb"},"inLanguage":"fr-FR","potentialAction":[{"@type":"ReadAction","target":["https:\/\/controle-technique-renaison.fr\/index.php\/galerie-photos\/"]}]},{"@type":"ImageObject","inLanguage":"fr-FR","@id":"https:\/\/controle-technique-renaison.fr\/index.php\/galerie-photos\/#primaryimage","url":"https:\/\/controle-technique-renaison.fr\/wp-content\/uploads\/2022\/03\/controle-dvauto6.jpg","contentUrl":"https:\/\/controle-technique-renaison.fr\/wp-content\/uploads\/2022\/03\/controle-dvauto6.jpg","width":1532,"height":2048,"caption":"controle-dvauto6"},{"@type":"BreadcrumbList","@id":"https:\/\/controle-technique-renaison.fr\/index.php\/galerie-photos\/#breadcrumb","itemListElement":[{"@type":"ListItem","position":1,"name":"Accueil","item":"https:\/\/controle-technique-renaison.fr\/"},{"@type":"ListItem","position":2,"name":"Galerie photo"}]},{"@type":"WebSite","@id":"https:\/\/controle-technique-renaison.fr\/#website","url":"https:\/\/controle-technique-renaison.fr\/","name":"Contr\u00f4le Technique Renaison","description":"Contr\u00f4le Technique Renaison","publisher":{"@id":"https:\/\/controle-technique-renaison.fr\/#organization"},"potentialAction":[{"@type":"SearchAction","target":{"@type":"EntryPoint","urlTemplate":"https:\/\/controle-technique-renaison.fr\/?s={search_term_string}"},"query-input":{"@type":"PropertyValueSpecification","valueRequired":true,"valueName":"search_term_string"}}],"inLanguage":"fr-FR"},{"@type":"Organization","@id":"https:\/\/controle-technique-renaison.fr\/#organization","name":"Contr\u00f4le Technique Renaison","url":"https:\/\/controle-technique-renaison.fr\/","logo":{"@type":"ImageObject","inLanguage":"fr-FR","@id":"https:\/\/controle-technique-renaison.fr\/#\/schema\/logo\/image\/","url":"https:\/\/controle-technique-renaison.fr\/wp-content\/uploads\/2021\/12\/cropped-logo.jpg","contentUrl":"https:\/\/controle-technique-renaison.fr\/wp-content\/uploads\/2021\/12\/cropped-logo.jpg","width":120,"height":120,"caption":"Contr\u00f4le Technique Renaison"},"image":{"@id":"https:\/\/controle-technique-renaison.fr\/#\/schema\/logo\/image\/"},"sameAs":["https:\/\/www.facebook.com\/controletechniquerenaison","https:\/\/www.instagram.com\/controle_technique_renaison\/"]}]}},"_links":{"self":[{"href":"https:\/\/controle-technique-renaison.fr\/index.php\/wp-json\/wp\/v2\/pages\/393","targetHints":{"allow":["GET"]}}],"collection":[{"href":"https:\/\/controle-technique-renaison.fr\/index.php\/wp-json\/wp\/v2\/pages"}],"about":[{"href":"https:\/\/controle-technique-renaison.fr\/index.php\/wp-json\/wp\/v2\/types\/page"}],"author":[{"embeddable":true,"href":"https:\/\/controle-technique-renaison.fr\/index.php\/wp-json\/wp\/v2\/users\/1"}],"replies":[{"embeddable":true,"href":"https:\/\/controle-technique-renaison.fr\/index.php\/wp-json\/wp\/v2\/comments?post=393"}],"version-history":[{"count":0,"href":"https:\/\/controle-technique-renaison.fr\/index.php\/wp-json\/wp\/v2\/pages\/393\/revisions"}],"wp:attachment":[{"href":"https:\/\/controle-technique-renaison.fr\/index.php\/wp-json\/wp\/v2\/media?parent=393"}],"curies":[{"name":"wp","href":"https:\/\/api.w.org\/{rel}","templated":true}]}}