{"id":3538,"date":"2022-03-21T13:40:01","date_gmt":"2022-03-21T12:40:01","guid":{"rendered":"https:\/\/controle-technique-renaison.fr\/?page_id=3538"},"modified":"2026-02-27T17:25:42","modified_gmt":"2026-02-27T16:25:42","slug":"tarifs","status":"publish","type":"page","link":"https:\/\/controle-technique-renaison.fr\/index.php\/tarifs\/","title":{"rendered":"Tarifs"},"content":{"rendered":"\t\t<div data-elementor-type=\"wp-page\" data-elementor-id=\"3538\" class=\"elementor elementor-3538\">\n\t\t\t\t\t\t<section class=\"elementor-section elementor-top-section elementor-element elementor-element-dd3a07d elementor-section-full_width elementor-section-stretched elementor-section-height-default elementor-section-height-default\" data-id=\"dd3a07d\" data-element_type=\"section\" data-e-type=\"section\" data-settings=\"{&quot;stretch_section&quot;:&quot;section-stretched&quot;}\">\n\t\t\t\t\t\t<div class=\"elementor-container elementor-column-gap-default\">\n\t\t\t\t\t<div class=\"elementor-column elementor-col-100 elementor-top-column elementor-element elementor-element-f79e864\" data-id=\"f79e864\" data-element_type=\"column\" data-e-type=\"column\">\n\t\t\t<div class=\"elementor-widget-wrap elementor-element-populated\">\n\t\t\t\t\t\t<div class=\"elementor-element elementor-element-fee352c elementor-widget elementor-widget-car_price_tbl\" data-id=\"fee352c\" data-element_type=\"widget\" data-e-type=\"widget\" data-widget_type=\"car_price_tbl.default\">\n\t\t\t\t<div class=\"elementor-widget-container\">\n\t\t\t\t\t\t\t<div class=\"block\">\r\n\t\t\t<div class=\"container\">\r\n\t\t\t\t<div class=\"block-title\">\r\n\t\t\t\t\t<h2 class=\"block-title__title\">Nos Tarifs<\/h2>\r\n\t\t\t\t\t<div class=\"block-title__description\">\r\n\t\t\t\t\tpour l'ann\u00e9e 2026\t\t\t\t\t<\/div>\r\n\t\t\t\t\t<div class=\"title-separator\"><\/div>\r\n\t\t\t\t<\/div>\r\n\t\t\t\t<div class=\"table-01-wrapper\">\r\n\t\t\t\t\t<table class=\"table-01\">\r\n\t\t\t\t\t\t<thead>\r\n\t\t\t\t\t\t\t<tr>\r\n\t\t\t\t\t\t\t\t<th>Type de contr\u00f4le <\/th>\r\n\t\t\t\t\t\t\t\t<th>Dur\u00e9e<\/th>\r\n\t\t\t\t\t\t\t\t<th>Prix<\/th>\r\n\t\t\t\t\t\t\t<\/tr>\r\n\t\t\t\t\t\t<\/thead>\r\n\t\t\t\t\t\t<tbody>\r\n\t\t\t\t\t\t\t\t\t\t\t\t\t\t\t\t<tr>\r\n\t\t\t\t\t\t\t\t\t\t<td>Contr\u00f4le Technique Standard<\/td>\r\n\t\t\t\t\t\t\t\t\t\t<td>1 h<\/td>\r\n\t\t\t\t\t\t\t\t\t\t<td>70 \u20ac<\/td>\r\n\t\t\t\t\t\t\t\t\t<\/tr>\r\n\t\t\t\t\t\t\t\t\t\t\t\t\t\t\t\t\t\t<tr>\r\n\t\t\t\t\t\t\t\t\t\t<td>Contre Visite (Pour les contr\u00f4les effectu\u00e9s dans notre centre)<\/td>\r\n\t\t\t\t\t\t\t\t\t\t<td>15 minutes<\/td>\r\n\t\t\t\t\t\t\t\t\t\t<td>10 \u20ac par banc<\/td>\r\n\t\t\t\t\t\t\t\t\t<\/tr>\r\n\t\t\t\t\t\t\t\t\t\t\t\t\t\t\t\t\t\t<tr>\r\n\t\t\t\t\t\t\t\t\t\t<td>Contre Visite (Pour les contr\u00f4les effectu\u00e9s dans un autre centre)<\/td>\r\n\t\t\t\t\t\t\t\t\t\t<td>15 minutes<\/td>\r\n\t\t\t\t\t\t\t\t\t\t<td>35 \u20ac<\/td>\r\n\t\t\t\t\t\t\t\t\t<\/tr>\r\n\t\t\t\t\t\t\t\t\t\t\t\t\t\t\t\t\t\t<tr>\r\n\t\t\t\t\t\t\t\t\t\t<td>Contr\u00f4le Technique v\u00e9hicule sp\u00e9cial (Gaz, Double essieux)<\/td>\r\n\t\t\t\t\t\t\t\t\t\t<td>1 h<\/td>\r\n\t\t\t\t\t\t\t\t\t\t<td>90 \u20ac<\/td>\r\n\t\t\t\t\t\t\t\t\t<\/tr>\r\n\t\t\t\t\t\t\t\t\t\t\t\t\t\t\t\t\t\t<tr>\r\n\t\t\t\t\t\t\t\t\t\t<td>Contre Volontaire Partiel<\/td>\r\n\t\t\t\t\t\t\t\t\t\t<td>45 minutes<\/td>\r\n\t\t\t\t\t\t\t\t\t\t<td>45 \u20ac<\/td>\r\n\t\t\t\t\t\t\t\t\t<\/tr>\r\n\t\t\t\t\t\t\t\t\t\t\t\t\t\t\t\t\t\t<tr>\r\n\t\t\t\t\t\t\t\t\t\t<td>Contr\u00f4le Anti-Pollution<\/td>\r\n\t\t\t\t\t\t\t\t\t\t<td>15 minutes <\/td>\r\n\t\t\t\t\t\t\t\t\t\t<td>30 \u20ac<\/td>\r\n\t\t\t\t\t\t\t\t\t<\/tr>\r\n\t\t\t\t\t\t\t\t\t\t\t\t\t\t\t\t\t\t<tr>\r\n\t\t\t\t\t\t\t\t\t\t<td>Contre Visite Visuelle <\/td>\r\n\t\t\t\t\t\t\t\t\t\t<td>15 minutes<\/td>\r\n\t\t\t\t\t\t\t\t\t\t<td>Gratuite<\/td>\r\n\t\t\t\t\t\t\t\t\t<\/tr>\r\n\t\t\t\t\t\t\t\t\t\t\t\t\t\t\t<\/tbody>\r\n\t\t\t\t\t<\/table>\r\n\t\t\t\t<\/div>\r\n\t\t\t<\/div>\r\n\t\t<\/div>\r\n\t\t\t\t\t\t<\/div>\n\t\t\t\t<\/div>\n\t\t\t\t\t<\/div>\n\t\t<\/div>\n\t\t\t\t\t<\/div>\n\t\t<\/section>\n\t\t\t\t<\/div>\n\t\t","protected":false},"excerpt":{"rendered":"<p>Nos Tarifs pour l&#8217;ann\u00e9e 2026 Type de contr\u00f4le Dur\u00e9e Prix Contr\u00f4le Technique Standard 1 h 70 \u20ac Contre Visite (Pour les contr\u00f4les effectu\u00e9s dans notre centre) 15 minutes 10 \u20ac par banc Contre Visite (Pour les contr\u00f4les effectu\u00e9s dans un autre centre) 15 minutes 35 \u20ac Contr\u00f4le Technique v\u00e9hicule sp\u00e9cial (Gaz, Double essieux) 1 h [&hellip;]<\/p>\n","protected":false},"author":1,"featured_media":0,"parent":0,"menu_order":0,"comment_status":"closed","ping_status":"closed","template":"elementor_theme","meta":{"footnotes":""},"class_list":["post-3538","page","type-page","status-publish","hentry"],"yoast_head":"<!-- This site is optimized with the Yoast SEO plugin v27.3 - https:\/\/yoast.com\/product\/yoast-seo-wordpress\/ -->\n<title>Tarifs - Contr\u00f4le Technique Renaison<\/title>\n<meta name=\"description\" content=\"Vous trouverez ici tous nos tarifs pour l&#039;ann\u00e9e 2023.\" \/>\n<meta name=\"robots\" content=\"index, follow, max-snippet:-1, max-image-preview:large, max-video-preview:-1\" \/>\n<link rel=\"canonical\" href=\"https:\/\/controle-technique-renaison.fr\/index.php\/tarifs\/\" \/>\n<meta property=\"og:locale\" content=\"fr_FR\" \/>\n<meta property=\"og:type\" content=\"article\" \/>\n<meta property=\"og:title\" content=\"Tarifs - Contr\u00f4le Technique Renaison\" \/>\n<meta property=\"og:description\" content=\"Vous trouverez ici tous nos tarifs pour l&#039;ann\u00e9e 2023.\" \/>\n<meta property=\"og:url\" content=\"https:\/\/controle-technique-renaison.fr\/index.php\/tarifs\/\" \/>\n<meta property=\"og:site_name\" content=\"Contr\u00f4le Technique Renaison\" \/>\n<meta property=\"article:publisher\" content=\"https:\/\/www.facebook.com\/controletechniquerenaison\" \/>\n<meta property=\"article:modified_time\" content=\"2026-02-27T16:25:42+00:00\" \/>\n<meta name=\"twitter:card\" content=\"summary_large_image\" \/>\n<meta name=\"twitter:label1\" content=\"Dur\u00e9e de lecture estim\u00e9e\" \/>\n\t<meta name=\"twitter:data1\" content=\"1 minute\" \/>\n<script type=\"application\/ld+json\" class=\"yoast-schema-graph\">{\"@context\":\"https:\\\/\\\/schema.org\",\"@graph\":[{\"@type\":\"WebPage\",\"@id\":\"https:\\\/\\\/controle-technique-renaison.fr\\\/index.php\\\/tarifs\\\/\",\"url\":\"https:\\\/\\\/controle-technique-renaison.fr\\\/index.php\\\/tarifs\\\/\",\"name\":\"Tarifs - Contr\u00f4le Technique Renaison\",\"isPartOf\":{\"@id\":\"https:\\\/\\\/controle-technique-renaison.fr\\\/#website\"},\"datePublished\":\"2022-03-21T12:40:01+00:00\",\"dateModified\":\"2026-02-27T16:25:42+00:00\",\"description\":\"Vous trouverez ici tous nos tarifs pour l'ann\u00e9e 2023.\",\"breadcrumb\":{\"@id\":\"https:\\\/\\\/controle-technique-renaison.fr\\\/index.php\\\/tarifs\\\/#breadcrumb\"},\"inLanguage\":\"fr-FR\",\"potentialAction\":[{\"@type\":\"ReadAction\",\"target\":[\"https:\\\/\\\/controle-technique-renaison.fr\\\/index.php\\\/tarifs\\\/\"]}]},{\"@type\":\"BreadcrumbList\",\"@id\":\"https:\\\/\\\/controle-technique-renaison.fr\\\/index.php\\\/tarifs\\\/#breadcrumb\",\"itemListElement\":[{\"@type\":\"ListItem\",\"position\":1,\"name\":\"Accueil\",\"item\":\"https:\\\/\\\/controle-technique-renaison.fr\\\/\"},{\"@type\":\"ListItem\",\"position\":2,\"name\":\"Tarifs\"}]},{\"@type\":\"WebSite\",\"@id\":\"https:\\\/\\\/controle-technique-renaison.fr\\\/#website\",\"url\":\"https:\\\/\\\/controle-technique-renaison.fr\\\/\",\"name\":\"Contr\u00f4le Technique Renaison\",\"description\":\"Contr\u00f4le Technique Renaison\",\"publisher\":{\"@id\":\"https:\\\/\\\/controle-technique-renaison.fr\\\/#organization\"},\"potentialAction\":[{\"@type\":\"SearchAction\",\"target\":{\"@type\":\"EntryPoint\",\"urlTemplate\":\"https:\\\/\\\/controle-technique-renaison.fr\\\/?s={search_term_string}\"},\"query-input\":{\"@type\":\"PropertyValueSpecification\",\"valueRequired\":true,\"valueName\":\"search_term_string\"}}],\"inLanguage\":\"fr-FR\"},{\"@type\":\"Organization\",\"@id\":\"https:\\\/\\\/controle-technique-renaison.fr\\\/#organization\",\"name\":\"Contr\u00f4le Technique Renaison\",\"url\":\"https:\\\/\\\/controle-technique-renaison.fr\\\/\",\"logo\":{\"@type\":\"ImageObject\",\"inLanguage\":\"fr-FR\",\"@id\":\"https:\\\/\\\/controle-technique-renaison.fr\\\/#\\\/schema\\\/logo\\\/image\\\/\",\"url\":\"https:\\\/\\\/controle-technique-renaison.fr\\\/wp-content\\\/uploads\\\/2021\\\/12\\\/cropped-logo.jpg\",\"contentUrl\":\"https:\\\/\\\/controle-technique-renaison.fr\\\/wp-content\\\/uploads\\\/2021\\\/12\\\/cropped-logo.jpg\",\"width\":120,\"height\":120,\"caption\":\"Contr\u00f4le Technique Renaison\"},\"image\":{\"@id\":\"https:\\\/\\\/controle-technique-renaison.fr\\\/#\\\/schema\\\/logo\\\/image\\\/\"},\"sameAs\":[\"https:\\\/\\\/www.facebook.com\\\/controletechniquerenaison\",\"https:\\\/\\\/www.instagram.com\\\/controle_technique_renaison\\\/\"]}]}<\/script>\n<!-- \/ Yoast SEO plugin. -->","yoast_head_json":{"title":"Tarifs - Contr\u00f4le Technique Renaison","description":"Vous trouverez ici tous nos tarifs pour l'ann\u00e9e 2023.","robots":{"index":"index","follow":"follow","max-snippet":"max-snippet:-1","max-image-preview":"max-image-preview:large","max-video-preview":"max-video-preview:-1"},"canonical":"https:\/\/controle-technique-renaison.fr\/index.php\/tarifs\/","og_locale":"fr_FR","og_type":"article","og_title":"Tarifs - Contr\u00f4le Technique Renaison","og_description":"Vous trouverez ici tous nos tarifs pour l'ann\u00e9e 2023.","og_url":"https:\/\/controle-technique-renaison.fr\/index.php\/tarifs\/","og_site_name":"Contr\u00f4le Technique Renaison","article_publisher":"https:\/\/www.facebook.com\/controletechniquerenaison","article_modified_time":"2026-02-27T16:25:42+00:00","twitter_card":"summary_large_image","twitter_misc":{"Dur\u00e9e de lecture estim\u00e9e":"1 minute"},"schema":{"@context":"https:\/\/schema.org","@graph":[{"@type":"WebPage","@id":"https:\/\/controle-technique-renaison.fr\/index.php\/tarifs\/","url":"https:\/\/controle-technique-renaison.fr\/index.php\/tarifs\/","name":"Tarifs - Contr\u00f4le Technique Renaison","isPartOf":{"@id":"https:\/\/controle-technique-renaison.fr\/#website"},"datePublished":"2022-03-21T12:40:01+00:00","dateModified":"2026-02-27T16:25:42+00:00","description":"Vous trouverez ici tous nos tarifs pour l'ann\u00e9e 2023.","breadcrumb":{"@id":"https:\/\/controle-technique-renaison.fr\/index.php\/tarifs\/#breadcrumb"},"inLanguage":"fr-FR","potentialAction":[{"@type":"ReadAction","target":["https:\/\/controle-technique-renaison.fr\/index.php\/tarifs\/"]}]},{"@type":"BreadcrumbList","@id":"https:\/\/controle-technique-renaison.fr\/index.php\/tarifs\/#breadcrumb","itemListElement":[{"@type":"ListItem","position":1,"name":"Accueil","item":"https:\/\/controle-technique-renaison.fr\/"},{"@type":"ListItem","position":2,"name":"Tarifs"}]},{"@type":"WebSite","@id":"https:\/\/controle-technique-renaison.fr\/#website","url":"https:\/\/controle-technique-renaison.fr\/","name":"Contr\u00f4le Technique Renaison","description":"Contr\u00f4le Technique Renaison","publisher":{"@id":"https:\/\/controle-technique-renaison.fr\/#organization"},"potentialAction":[{"@type":"SearchAction","target":{"@type":"EntryPoint","urlTemplate":"https:\/\/controle-technique-renaison.fr\/?s={search_term_string}"},"query-input":{"@type":"PropertyValueSpecification","valueRequired":true,"valueName":"search_term_string"}}],"inLanguage":"fr-FR"},{"@type":"Organization","@id":"https:\/\/controle-technique-renaison.fr\/#organization","name":"Contr\u00f4le Technique Renaison","url":"https:\/\/controle-technique-renaison.fr\/","logo":{"@type":"ImageObject","inLanguage":"fr-FR","@id":"https:\/\/controle-technique-renaison.fr\/#\/schema\/logo\/image\/","url":"https:\/\/controle-technique-renaison.fr\/wp-content\/uploads\/2021\/12\/cropped-logo.jpg","contentUrl":"https:\/\/controle-technique-renaison.fr\/wp-content\/uploads\/2021\/12\/cropped-logo.jpg","width":120,"height":120,"caption":"Contr\u00f4le Technique Renaison"},"image":{"@id":"https:\/\/controle-technique-renaison.fr\/#\/schema\/logo\/image\/"},"sameAs":["https:\/\/www.facebook.com\/controletechniquerenaison","https:\/\/www.instagram.com\/controle_technique_renaison\/"]}]}},"_links":{"self":[{"href":"https:\/\/controle-technique-renaison.fr\/index.php\/wp-json\/wp\/v2\/pages\/3538","targetHints":{"allow":["GET"]}}],"collection":[{"href":"https:\/\/controle-technique-renaison.fr\/index.php\/wp-json\/wp\/v2\/pages"}],"about":[{"href":"https:\/\/controle-technique-renaison.fr\/index.php\/wp-json\/wp\/v2\/types\/page"}],"author":[{"embeddable":true,"href":"https:\/\/controle-technique-renaison.fr\/index.php\/wp-json\/wp\/v2\/users\/1"}],"replies":[{"embeddable":true,"href":"https:\/\/controle-technique-renaison.fr\/index.php\/wp-json\/wp\/v2\/comments?post=3538"}],"version-history":[{"count":12,"href":"https:\/\/controle-technique-renaison.fr\/index.php\/wp-json\/wp\/v2\/pages\/3538\/revisions"}],"predecessor-version":[{"id":4054,"href":"https:\/\/controle-technique-renaison.fr\/index.php\/wp-json\/wp\/v2\/pages\/3538\/revisions\/4054"}],"wp:attachment":[{"href":"https:\/\/controle-technique-renaison.fr\/index.php\/wp-json\/wp\/v2\/media?parent=3538"}],"curies":[{"name":"wp","href":"https:\/\/api.w.org\/{rel}","templated":true}]}}