{"id":3279,"date":"2022-03-14T18:41:23","date_gmt":"2022-03-14T17:41:23","guid":{"rendered":"https:\/\/controle-technique-renaison.fr\/?page_id=3279"},"modified":"2022-04-24T12:00:50","modified_gmt":"2022-04-24T10:00:50","slug":"les-points-de-controle","status":"publish","type":"page","link":"https:\/\/controle-technique-renaison.fr\/index.php\/les-points-de-controle\/","title":{"rendered":"Les points de contr\u00f4le"},"content":{"rendered":"\t\t<div data-elementor-type=\"wp-page\" data-elementor-id=\"3279\" class=\"elementor elementor-3279\">\n\t\t\t\t\t\t<section class=\"elementor-section elementor-top-section elementor-element elementor-element-7235680 elementor-section-boxed elementor-section-height-default elementor-section-height-default\" data-id=\"7235680\" data-element_type=\"section\" data-e-type=\"section\">\n\t\t\t\t\t\t<div class=\"elementor-container elementor-column-gap-default\">\n\t\t\t\t\t<div class=\"elementor-column elementor-col-100 elementor-top-column elementor-element elementor-element-61514fa\" data-id=\"61514fa\" data-element_type=\"column\" data-e-type=\"column\">\n\t\t\t<div class=\"elementor-widget-wrap elementor-element-populated\">\n\t\t\t\t\t\t<section class=\"elementor-section elementor-inner-section elementor-element elementor-element-449e2ea elementor-section-boxed elementor-section-height-default elementor-section-height-default\" data-id=\"449e2ea\" data-element_type=\"section\" data-e-type=\"section\">\n\t\t\t\t\t\t<div class=\"elementor-container elementor-column-gap-default\">\n\t\t\t\t\t<div class=\"elementor-column elementor-col-100 elementor-inner-column elementor-element elementor-element-29fe7af\" data-id=\"29fe7af\" data-element_type=\"column\" data-e-type=\"column\">\n\t\t\t<div class=\"elementor-widget-wrap elementor-element-populated\">\n\t\t\t\t\t\t<div class=\"elementor-element elementor-element-a988eae elementor-widget elementor-widget-text-editor\" data-id=\"a988eae\" data-element_type=\"widget\" data-e-type=\"widget\" data-widget_type=\"text-editor.default\">\n\t\t\t\t<div class=\"elementor-widget-container\">\n\t\t\t\t\t\t\t\t\t<p>Pour plus de renseignements sur le contr\u00f4le technique : <a href=\"https:\/\/www.utac-otc.com\/\">https:\/\/www.utac-otc.com\/<\/a><\/p>\t\t\t\t\t\t\t\t<\/div>\n\t\t\t\t<\/div>\n\t\t\t\t<div class=\"elementor-element elementor-element-37e5b3a elementor-widget elementor-widget-text-editor\" data-id=\"37e5b3a\" data-element_type=\"widget\" data-e-type=\"widget\" data-widget_type=\"text-editor.default\">\n\t\t\t\t<div class=\"elementor-widget-container\">\n\t\t\t\t\t\t\t\t\t<h2>Identification (8 points de contr\u00f4le)<\/h2><ul><li>Plaque d\u2019immatriculation<\/li><li>Plaque constructeur<\/li><li>Frappe \u00e0 froid sur le ch\u00e2ssis<\/li><li>Pr\u00e9sentation du v\u00e9hicule<\/li><li>Energie moteur<\/li><li>Nombre de places assises<\/li><li>Plaque de tare<\/li><li>Compteur kilom\u00e9trique<\/li><\/ul><h2>\u00a0<\/h2><h2>Freinage (20 points de contr\u00f4le)<\/h2><ul><li>Frein de service<\/li><li>Frein de stationnement<\/li><li>Frein de secours<\/li><li>R\u00e9servoir de liquide de frein<\/li><li>Ma\u00eetre-cylindre<\/li><li>Canalisation de frein<\/li><li>Flexible de frein<\/li><li>Correcteur, r\u00e9partiteur de freinage<\/li><li>P\u00e9dale du frein de service.<\/li><li>Commande du frein de stationnement<\/li><li>C\u00e2ble, tringlerie du frein de stationnement<\/li><li>Disque de frein<\/li><li>Etrier, cylindre de roue<\/li><li>Tambour de frein<\/li><li>Plaquette de frein<\/li><li>Assistance de freinage<\/li><li>Tuyauterie d\u2019assistance de freinage<\/li><li>Pompe d\u2019assistance de freinage<\/li><li>Entra\u00eenement de la pompe d\u2019assistance de freinage<\/li><li>Syst\u00e8me anti-blocage<\/li><\/ul><h2>\u00a0<\/h2><h2>Direction (13 points de contr\u00f4le)<\/h2><ul><li>Angles, ripage AV<\/li><li>Volant de direction<\/li><li>Antivol de direction<\/li><li>Colonne de direction<\/li><li>Accouplement de direction<\/li><li>Cr\u00e9maill\u00e8re, bo\u00eetier de direction<\/li><li>Biellette, timonerie de direction<\/li><li>Rotule, articulation de direction<\/li><li>Relais de direction<\/li><li>R\u00e9servoir d\u2019assistance de direction<\/li><li>Canalisation d\u2019assistance de direction<\/li><li>Pompe, v\u00e9rin d\u2019assistance de direction<\/li><li>Entra\u00eenement de la pompe d\u2019assistance de direction<\/li><\/ul><h2>\u00a0<\/h2><h2>Visibilit\u00e9 (7 points de contr\u00f4le)<\/h2><ul><li>Pare-brise<\/li><li>Autre vitrage<\/li><li>R\u00e9troviseur int\u00e9rieur<\/li><li>R\u00e9troviseur ext\u00e9rieur(si obligatoire)<\/li><li>Commande de r\u00e9troviseur ext\u00e9rieur<\/li><li>Essuie-glace AV<\/li><li>Lave-glace AV<\/li><\/ul><h2>\u00a0<\/h2><h2>Eclairage, signalisation (22 points de contr\u00f4le)<\/h2><ul><li>Feu de croisement (mesure)<\/li><li>Feu de croisement<\/li><li>Feu de route<\/li><li>Feu antibrouillard AV<\/li><li>Feu additionnel<\/li><li>Feu de position.<\/li><li>Feu indicateur de direction (y compris r\u00e9p\u00e9titeurs)<\/li><li>Signal de d\u00e9tresse<\/li><li>Feu stop<\/li><li>Troisi\u00e8me feu-stop<\/li><li>Feu de plaque AR<\/li><li>Feu de brouillard AR<\/li><li>Feu de recul<\/li><li>Feu de gabarit<\/li><li>Catadioptre AR<\/li><li>Catadioptre lat\u00e9ral (v\u00e9hicules de plus de 6 m\u00e8tres)<\/li><li>Triangle de pr\u00e9-signalisation (en l\u2019absence de feu de d\u00e9tresse)<\/li><li>T\u00e9moin de feux de route<\/li><li>T\u00e9moin de signal de d\u00e9tresse<\/li><li>T\u00e9moin de feux de brouillard AR<\/li><li>Commande d\u2019\u00e9clairage et de signalisation<\/li><li>T\u00e9moin indicateur de direction<\/li><\/ul><h2>\u00a0<\/h2><h2>Liaisons au sol (18 points de contr\u00f4le)<\/h2><ul><li>Suspension<\/li><li>Trains<\/li><li>Ressort, barre de torsion<\/li><li>Sph\u00e8re, coussin d\u2019amortisseur<\/li><li>Amortisseur<\/li><li>Pivot, fus\u00e9e de roue<\/li><li>Moyeu de roue<\/li><li>Roulement de roue<\/li><li>Triangle, tirant de suspension<\/li><li>Silentbloc de triangle, tirant de suspension<\/li><li>Rotule, articulation de train<\/li><li>Barre stabilisatrice<\/li><li>Silentbloc de barre stabilisatrice<\/li><li>Circuit hydraulique de suspension<\/li><li>Traverse, essieu<\/li><li>Roue<\/li><li>Jante<\/li><li>Pneumatique<\/li><\/ul><h2>\u00a0<\/h2><h2>Structure, carrosserie (20 points de contr\u00f4le)<\/h2><ul><li>Longeron, brancard<\/li><li>Traverse<\/li><li>Plancher<\/li><li>Berceau<\/li><li>Passage de roue<\/li><li>Pied, montant<\/li><li>Longeron ext\u00e9rieur, bas de caisse<\/li><li>Coque<\/li><li>Plate-forme<\/li><li>Ch\u00e2ssis<\/li><li>Infrastructure soubassement<\/li><li>Porte lat\u00e9rale<\/li><li>Porte AR, hayon<\/li><li>Capot<\/li><li>Aile<\/li><li>Pare-boue<\/li><li>Pare-chocs, bouclier<\/li><li>Caisse, cabine<\/li><li>Bas de caisse amovible<\/li><li>El\u00e9ments de carrosserie inamovible<\/li><\/ul><h2>\u00a0<\/h2><h2>Equipements (7 points de contr\u00f4le)<\/h2><ul><li>Si\u00e8ge<\/li><li>Ceinture<\/li><li>Avertisseur sonore<\/li><li>Batterie<\/li><li>Support roue de secours<\/li><li>Dispositif d\u2019attelage<\/li><li>Coussin gonflable<\/li><\/ul><h2>\u00a0<\/h2><h2>Organes m\u00e9caniques (13 points de contr\u00f4le)<\/h2><ul><li>Groupe motopropulseur<\/li><li>Moteur<\/li><li>Bo\u00eete<\/li><li>Pont<\/li><li>Transmission<\/li><li>Accouplement relais de transmission<\/li><li>Circuit de carburant<\/li><li>R\u00e9servoir de carburant<\/li><li>Carburateur\/Syst\u00e8me d\u2019injection<\/li><li>Pompe d\u2019alimentation en carburant<\/li><li>Collecteur d\u2019\u00e9chappement<\/li><li>Canalisation d\u2019\u00e9chappement<\/li><li>Silencieux d\u2019\u00e9chappement<\/li><\/ul><h2>\u00a0<\/h2><h2>Pollution, niveau sonore (4 points de contr\u00f4le)<\/h2><ul><li>Teneur en CO et valeur du lambda des gaz d\u2019\u00e9chappement<\/li><li>Opacit\u00e9 des fum\u00e9es d\u2019\u00e9chappement<\/li><li>Bruit moteur<\/li><li>Dispositif de diagnostic embarque (OBD)<\/li><\/ul>\t\t\t\t\t\t\t\t<\/div>\n\t\t\t\t<\/div>\n\t\t\t\t\t<\/div>\n\t\t<\/div>\n\t\t\t\t\t<\/div>\n\t\t<\/section>\n\t\t\t\t\t<\/div>\n\t\t<\/div>\n\t\t\t\t\t<\/div>\n\t\t<\/section>\n\t\t\t\t<\/div>\n\t\t","protected":false},"excerpt":{"rendered":"<p>Pour plus de renseignements sur le contr\u00f4le technique : https:\/\/www.utac-otc.com\/ Identification (8 points de contr\u00f4le) Plaque d\u2019immatriculation Plaque constructeur Frappe \u00e0 froid sur le ch\u00e2ssis Pr\u00e9sentation du v\u00e9hicule Energie moteur Nombre de places assises Plaque de tare Compteur kilom\u00e9trique &nbsp; Freinage (20 points de contr\u00f4le) Frein de service Frein de stationnement Frein de secours R\u00e9servoir [&hellip;]<\/p>\n","protected":false},"author":1,"featured_media":0,"parent":0,"menu_order":0,"comment_status":"closed","ping_status":"closed","template":"","meta":{"footnotes":""},"class_list":["post-3279","page","type-page","status-publish","hentry"],"yoast_head":"<!-- This site is optimized with the Yoast SEO plugin v27.3 - https:\/\/yoast.com\/product\/yoast-seo-wordpress\/ -->\n<title>Les points de contr\u00f4le - Contr\u00f4le Technique Renaison<\/title>\n<meta name=\"description\" content=\"Vous retrouverez ici tous les points de contr\u00f4les.\" \/>\n<meta name=\"robots\" content=\"index, follow, max-snippet:-1, max-image-preview:large, max-video-preview:-1\" \/>\n<link rel=\"canonical\" href=\"https:\/\/controle-technique-renaison.fr\/index.php\/les-points-de-controle\/\" \/>\n<meta property=\"og:locale\" content=\"fr_FR\" \/>\n<meta property=\"og:type\" content=\"article\" \/>\n<meta property=\"og:title\" content=\"Les points de contr\u00f4le - Contr\u00f4le Technique Renaison\" \/>\n<meta property=\"og:description\" content=\"Vous retrouverez ici tous les points de contr\u00f4les.\" \/>\n<meta property=\"og:url\" content=\"https:\/\/controle-technique-renaison.fr\/index.php\/les-points-de-controle\/\" \/>\n<meta property=\"og:site_name\" content=\"Contr\u00f4le Technique Renaison\" \/>\n<meta property=\"article:publisher\" content=\"https:\/\/www.facebook.com\/controletechniquerenaison\" \/>\n<meta property=\"article:modified_time\" content=\"2022-04-24T10:00:50+00:00\" \/>\n<meta name=\"twitter:card\" content=\"summary_large_image\" \/>\n<meta name=\"twitter:label1\" content=\"Dur\u00e9e de lecture estim\u00e9e\" \/>\n\t<meta name=\"twitter:data1\" content=\"3 minutes\" \/>\n<script type=\"application\/ld+json\" class=\"yoast-schema-graph\">{\"@context\":\"https:\\\/\\\/schema.org\",\"@graph\":[{\"@type\":\"WebPage\",\"@id\":\"https:\\\/\\\/controle-technique-renaison.fr\\\/index.php\\\/les-points-de-controle\\\/\",\"url\":\"https:\\\/\\\/controle-technique-renaison.fr\\\/index.php\\\/les-points-de-controle\\\/\",\"name\":\"Les points de contr\u00f4le - Contr\u00f4le Technique Renaison\",\"isPartOf\":{\"@id\":\"https:\\\/\\\/controle-technique-renaison.fr\\\/#website\"},\"datePublished\":\"2022-03-14T17:41:23+00:00\",\"dateModified\":\"2022-04-24T10:00:50+00:00\",\"description\":\"Vous retrouverez ici tous les points de contr\u00f4les.\",\"breadcrumb\":{\"@id\":\"https:\\\/\\\/controle-technique-renaison.fr\\\/index.php\\\/les-points-de-controle\\\/#breadcrumb\"},\"inLanguage\":\"fr-FR\",\"potentialAction\":[{\"@type\":\"ReadAction\",\"target\":[\"https:\\\/\\\/controle-technique-renaison.fr\\\/index.php\\\/les-points-de-controle\\\/\"]}]},{\"@type\":\"BreadcrumbList\",\"@id\":\"https:\\\/\\\/controle-technique-renaison.fr\\\/index.php\\\/les-points-de-controle\\\/#breadcrumb\",\"itemListElement\":[{\"@type\":\"ListItem\",\"position\":1,\"name\":\"Accueil\",\"item\":\"https:\\\/\\\/controle-technique-renaison.fr\\\/\"},{\"@type\":\"ListItem\",\"position\":2,\"name\":\"Les points de contr\u00f4le\"}]},{\"@type\":\"WebSite\",\"@id\":\"https:\\\/\\\/controle-technique-renaison.fr\\\/#website\",\"url\":\"https:\\\/\\\/controle-technique-renaison.fr\\\/\",\"name\":\"Contr\u00f4le Technique Renaison\",\"description\":\"Contr\u00f4le Technique Renaison\",\"publisher\":{\"@id\":\"https:\\\/\\\/controle-technique-renaison.fr\\\/#organization\"},\"potentialAction\":[{\"@type\":\"SearchAction\",\"target\":{\"@type\":\"EntryPoint\",\"urlTemplate\":\"https:\\\/\\\/controle-technique-renaison.fr\\\/?s={search_term_string}\"},\"query-input\":{\"@type\":\"PropertyValueSpecification\",\"valueRequired\":true,\"valueName\":\"search_term_string\"}}],\"inLanguage\":\"fr-FR\"},{\"@type\":\"Organization\",\"@id\":\"https:\\\/\\\/controle-technique-renaison.fr\\\/#organization\",\"name\":\"Contr\u00f4le Technique Renaison\",\"url\":\"https:\\\/\\\/controle-technique-renaison.fr\\\/\",\"logo\":{\"@type\":\"ImageObject\",\"inLanguage\":\"fr-FR\",\"@id\":\"https:\\\/\\\/controle-technique-renaison.fr\\\/#\\\/schema\\\/logo\\\/image\\\/\",\"url\":\"https:\\\/\\\/controle-technique-renaison.fr\\\/wp-content\\\/uploads\\\/2021\\\/12\\\/cropped-logo.jpg\",\"contentUrl\":\"https:\\\/\\\/controle-technique-renaison.fr\\\/wp-content\\\/uploads\\\/2021\\\/12\\\/cropped-logo.jpg\",\"width\":120,\"height\":120,\"caption\":\"Contr\u00f4le Technique Renaison\"},\"image\":{\"@id\":\"https:\\\/\\\/controle-technique-renaison.fr\\\/#\\\/schema\\\/logo\\\/image\\\/\"},\"sameAs\":[\"https:\\\/\\\/www.facebook.com\\\/controletechniquerenaison\",\"https:\\\/\\\/www.instagram.com\\\/controle_technique_renaison\\\/\"]}]}<\/script>\n<!-- \/ Yoast SEO plugin. -->","yoast_head_json":{"title":"Les points de contr\u00f4le - Contr\u00f4le Technique Renaison","description":"Vous retrouverez ici tous les points de contr\u00f4les.","robots":{"index":"index","follow":"follow","max-snippet":"max-snippet:-1","max-image-preview":"max-image-preview:large","max-video-preview":"max-video-preview:-1"},"canonical":"https:\/\/controle-technique-renaison.fr\/index.php\/les-points-de-controle\/","og_locale":"fr_FR","og_type":"article","og_title":"Les points de contr\u00f4le - Contr\u00f4le Technique Renaison","og_description":"Vous retrouverez ici tous les points de contr\u00f4les.","og_url":"https:\/\/controle-technique-renaison.fr\/index.php\/les-points-de-controle\/","og_site_name":"Contr\u00f4le Technique Renaison","article_publisher":"https:\/\/www.facebook.com\/controletechniquerenaison","article_modified_time":"2022-04-24T10:00:50+00:00","twitter_card":"summary_large_image","twitter_misc":{"Dur\u00e9e de lecture estim\u00e9e":"3 minutes"},"schema":{"@context":"https:\/\/schema.org","@graph":[{"@type":"WebPage","@id":"https:\/\/controle-technique-renaison.fr\/index.php\/les-points-de-controle\/","url":"https:\/\/controle-technique-renaison.fr\/index.php\/les-points-de-controle\/","name":"Les points de contr\u00f4le - Contr\u00f4le Technique Renaison","isPartOf":{"@id":"https:\/\/controle-technique-renaison.fr\/#website"},"datePublished":"2022-03-14T17:41:23+00:00","dateModified":"2022-04-24T10:00:50+00:00","description":"Vous retrouverez ici tous les points de contr\u00f4les.","breadcrumb":{"@id":"https:\/\/controle-technique-renaison.fr\/index.php\/les-points-de-controle\/#breadcrumb"},"inLanguage":"fr-FR","potentialAction":[{"@type":"ReadAction","target":["https:\/\/controle-technique-renaison.fr\/index.php\/les-points-de-controle\/"]}]},{"@type":"BreadcrumbList","@id":"https:\/\/controle-technique-renaison.fr\/index.php\/les-points-de-controle\/#breadcrumb","itemListElement":[{"@type":"ListItem","position":1,"name":"Accueil","item":"https:\/\/controle-technique-renaison.fr\/"},{"@type":"ListItem","position":2,"name":"Les points de contr\u00f4le"}]},{"@type":"WebSite","@id":"https:\/\/controle-technique-renaison.fr\/#website","url":"https:\/\/controle-technique-renaison.fr\/","name":"Contr\u00f4le Technique Renaison","description":"Contr\u00f4le Technique Renaison","publisher":{"@id":"https:\/\/controle-technique-renaison.fr\/#organization"},"potentialAction":[{"@type":"SearchAction","target":{"@type":"EntryPoint","urlTemplate":"https:\/\/controle-technique-renaison.fr\/?s={search_term_string}"},"query-input":{"@type":"PropertyValueSpecification","valueRequired":true,"valueName":"search_term_string"}}],"inLanguage":"fr-FR"},{"@type":"Organization","@id":"https:\/\/controle-technique-renaison.fr\/#organization","name":"Contr\u00f4le Technique Renaison","url":"https:\/\/controle-technique-renaison.fr\/","logo":{"@type":"ImageObject","inLanguage":"fr-FR","@id":"https:\/\/controle-technique-renaison.fr\/#\/schema\/logo\/image\/","url":"https:\/\/controle-technique-renaison.fr\/wp-content\/uploads\/2021\/12\/cropped-logo.jpg","contentUrl":"https:\/\/controle-technique-renaison.fr\/wp-content\/uploads\/2021\/12\/cropped-logo.jpg","width":120,"height":120,"caption":"Contr\u00f4le Technique Renaison"},"image":{"@id":"https:\/\/controle-technique-renaison.fr\/#\/schema\/logo\/image\/"},"sameAs":["https:\/\/www.facebook.com\/controletechniquerenaison","https:\/\/www.instagram.com\/controle_technique_renaison\/"]}]}},"_links":{"self":[{"href":"https:\/\/controle-technique-renaison.fr\/index.php\/wp-json\/wp\/v2\/pages\/3279","targetHints":{"allow":["GET"]}}],"collection":[{"href":"https:\/\/controle-technique-renaison.fr\/index.php\/wp-json\/wp\/v2\/pages"}],"about":[{"href":"https:\/\/controle-technique-renaison.fr\/index.php\/wp-json\/wp\/v2\/types\/page"}],"author":[{"embeddable":true,"href":"https:\/\/controle-technique-renaison.fr\/index.php\/wp-json\/wp\/v2\/users\/1"}],"replies":[{"embeddable":true,"href":"https:\/\/controle-technique-renaison.fr\/index.php\/wp-json\/wp\/v2\/comments?post=3279"}],"version-history":[{"count":0,"href":"https:\/\/controle-technique-renaison.fr\/index.php\/wp-json\/wp\/v2\/pages\/3279\/revisions"}],"wp:attachment":[{"href":"https:\/\/controle-technique-renaison.fr\/index.php\/wp-json\/wp\/v2\/media?parent=3279"}],"curies":[{"name":"wp","href":"https:\/\/api.w.org\/{rel}","templated":true}]}}