{"id":1520,"date":"2017-03-08T07:18:04","date_gmt":"2017-03-08T07:18:04","guid":{"rendered":"https:\/\/smartdata.tonytemplates.com\/car-repair-service-v4-services\/?page_id=2"},"modified":"2026-03-10T15:01:01","modified_gmt":"2026-03-10T14:01:01","slug":"a-propos","status":"publish","type":"page","link":"https:\/\/controle-technique-renaison.fr\/index.php\/a-propos\/","title":{"rendered":"A propos"},"content":{"rendered":"\t\t<div data-elementor-type=\"wp-page\" data-elementor-id=\"1520\" class=\"elementor elementor-1520\">\n\t\t\t\t\t\t<section class=\"elementor-section elementor-top-section elementor-element elementor-element-c28671f elementor-section-boxed elementor-section-height-default elementor-section-height-default\" data-id=\"c28671f\" data-element_type=\"section\" data-e-type=\"section\">\n\t\t\t\t\t\t<div class=\"elementor-container elementor-column-gap-default\">\n\t\t\t\t\t<div class=\"elementor-column elementor-col-50 elementor-top-column elementor-element elementor-element-e2354ad\" data-id=\"e2354ad\" data-element_type=\"column\" data-e-type=\"column\">\n\t\t\t<div class=\"elementor-widget-wrap elementor-element-populated\">\n\t\t\t\t\t\t<div class=\"elementor-element elementor-element-281241e elementor-widget elementor-widget-heading\" data-id=\"281241e\" data-element_type=\"widget\" data-e-type=\"widget\" data-widget_type=\"heading.default\">\n\t\t\t\t<div class=\"elementor-widget-container\">\n\t\t\t\t\t<h3 class=\"elementor-heading-title elementor-size-default\"><span class=\"color\">28 ans<\/span> \n que nous contr\u00f4lons vos v\u00e9hicules<\/h3>\t\t\t\t<\/div>\n\t\t\t\t<\/div>\n\t\t\t\t<div class=\"elementor-element elementor-element-e89bebd elementor-widget-divider--view-line elementor-widget elementor-widget-divider\" data-id=\"e89bebd\" data-element_type=\"widget\" data-e-type=\"widget\" data-widget_type=\"divider.default\">\n\t\t\t\t<div class=\"elementor-widget-container\">\n\t\t\t\t\t\t\t<div class=\"elementor-divider\">\n\t\t\t<span class=\"elementor-divider-separator\">\n\t\t\t\t\t\t<\/span>\n\t\t<\/div>\n\t\t\t\t\t\t<\/div>\n\t\t\t\t<\/div>\n\t\t\t\t<div class=\"elementor-element elementor-element-53f2c9b elementor-widget elementor-widget-text-editor\" data-id=\"53f2c9b\" data-element_type=\"widget\" data-e-type=\"widget\" data-widget_type=\"text-editor.default\">\n\t\t\t\t<div class=\"elementor-widget-container\">\n\t\t\t\t\t\t\t\t\t<div dir=\"auto\"><strong>Notre centre de contr\u00f4le technique de renaison \u00e0 vu le jour en 1998,ann\u00e9e de naissance de son nouveau propri\u00e9taire: <em>Romain Da Veiga<\/em>, g\u00e9rant, exploitant de la soci\u00e9t\u00e9 depuis le 1 er juillet 2021.<\/strong><\/div><div dir=\"auto\">\u00a0<\/div><div dir=\"auto\"><strong>Situ\u00e9 en plein c\u0153ur de la c\u00f4te roannaise, vous trouverez facilement notre centre de contr\u00f4le technique au rond point de Renaison, direction Roanne dans la zone artisanale des Beluzes.<\/strong><\/div><div dir=\"auto\">\u00a0<\/div><div dir=\"auto\"><strong>Cette entreprise \u00e0 taille humaine est le partenaire id\u00e9al des professionnels (taxi, v\u00e9hicule \u00e9cole, ambulance \u2026) et particuliers.<\/strong><\/div><div dir=\"auto\">\u00a0<\/div><div dir=\"auto\"><strong>Nous r\u00e9alisons des contr\u00f4les techniques de qualit\u00e9 avec du mat\u00e9riel contr\u00f4l\u00e9 deux fois par an, pour un r\u00e9sultat pr\u00e9cis et efficace.<\/strong><\/div><div dir=\"auto\">\u00a0<\/div><div dir=\"auto\"><strong>Nos contr\u00f4leurs sont form\u00e9s et agr\u00e9\u00e9s pour tout types de v\u00e9hicules l\u00e9gers et travaillent au service de votre s\u00e9curit\u00e9 et de celle de vos familles.<\/strong><\/div>\t\t\t\t\t\t\t\t<\/div>\n\t\t\t\t<\/div>\n\t\t\t\t\t<\/div>\n\t\t<\/div>\n\t\t\t\t<div class=\"elementor-column elementor-col-50 elementor-top-column elementor-element elementor-element-4a6cda4\" data-id=\"4a6cda4\" data-element_type=\"column\" data-e-type=\"column\">\n\t\t\t<div class=\"elementor-widget-wrap elementor-element-populated\">\n\t\t\t\t\t\t<div class=\"elementor-element elementor-element-6e555d8 elementor-widget elementor-widget-image\" data-id=\"6e555d8\" data-element_type=\"widget\" data-e-type=\"widget\" data-widget_type=\"image.default\">\n\t\t\t\t<div class=\"elementor-widget-container\">\n\t\t\t\t\t\t\t\t\t\t\t\t\t\t\t<img fetchpriority=\"high\" decoding=\"async\" width=\"368\" height=\"491\" src=\"https:\/\/controle-technique-renaison.fr\/wp-content\/uploads\/2022\/03\/controle-dvauto13-368x491.jpeg\" class=\"attachment-post-thumbnail size-post-thumbnail wp-image-3100\" alt=\"controle-dvauto13\" srcset=\"https:\/\/controle-technique-renaison.fr\/wp-content\/uploads\/2022\/03\/controle-dvauto13-368x491.jpeg 368w, https:\/\/controle-technique-renaison.fr\/wp-content\/uploads\/2022\/03\/controle-dvauto13-225x300.jpeg 225w, https:\/\/controle-technique-renaison.fr\/wp-content\/uploads\/2022\/03\/controle-dvauto13-768x1024.jpeg 768w, https:\/\/controle-technique-renaison.fr\/wp-content\/uploads\/2022\/03\/controle-dvauto13-1152x1536.jpeg 1152w, https:\/\/controle-technique-renaison.fr\/wp-content\/uploads\/2022\/03\/controle-dvauto13-600x800.jpeg 600w, https:\/\/controle-technique-renaison.fr\/wp-content\/uploads\/2022\/03\/controle-dvauto13.jpeg 1536w\" sizes=\"(max-width: 368px) 100vw, 368px\" \/>\t\t\t\t\t\t\t\t\t\t\t\t\t\t\t<\/div>\n\t\t\t\t<\/div>\n\t\t\t\t\t<\/div>\n\t\t<\/div>\n\t\t\t\t\t<\/div>\n\t\t<\/section>\n\t\t\t\t<section class=\"elementor-section elementor-top-section elementor-element elementor-element-32fb560 elementor-section-stretched elementor-section-full_width elementor-section-height-default elementor-section-height-default\" data-id=\"32fb560\" data-element_type=\"section\" data-e-type=\"section\" data-settings=\"{&quot;stretch_section&quot;:&quot;section-stretched&quot;}\">\n\t\t\t\t\t\t<div class=\"elementor-container elementor-column-gap-no\">\n\t\t\t\t\t<div class=\"elementor-column elementor-col-100 elementor-top-column elementor-element elementor-element-4e67d0f\" data-id=\"4e67d0f\" data-element_type=\"column\" data-e-type=\"column\">\n\t\t\t<div class=\"elementor-widget-wrap elementor-element-populated\">\n\t\t\t\t\t\t<div class=\"elementor-element elementor-element-32ce9a9 elementor-widget elementor-widget-team_carousel\" data-id=\"32ce9a9\" data-element_type=\"widget\" data-e-type=\"widget\" data-settings=\"{&quot;slides_to_show&quot;:2,&quot;slides_to_scroll&quot;:1,&quot;autoplay_speed&quot;:4000}\" data-widget_type=\"team_carousel.default\">\n\t\t\t\t<div class=\"elementor-widget-container\">\n\t\t\t\t\t\t\t<div class=\"block position-relative overflow-hidden\">\r\n\t\t\t<div class=\"container\">\r\n\t\t\t\t<div class=\"block-title\">\r\n\t\t\t\t\t<h2 class=\"block-title__title\">Notre \u00e9quipe<\/h2>\r\n\t\t\t\t\t<div class=\"block-title__description\">\r\n\t\t\t\t\t\t\t\t\t\t<\/div>\r\n\t\t\t\t\t<div class=\"title-separator\"><\/div>\r\n\t\t\t\t<\/div>\r\n\t\t\t\t<div class=\"section__text-background text-color02 text-center text-background__center\"><\/div>\r\n\t\t\t\t\t\t\t<div class=\"card01-wrapper\">\r\n\t\t\t\t<div class=\"js-slick-init team-carousel slick-style01\" data-slick='{\r\n\t\t\t\t\t\"slidesToShow\": 2, \r\n\t\t\t\t\t\"slidesToScroll\": 1, \r\n\t\t\t\t\t\"dots\": true,\r\n\t\t\t\t\t\"arrows\": false,\r\n\t\t\t\t\t\"autoplay\": true,\r\n\t\t\t\t\t\"autoplaySpeed\": 4000,\r\n\t\t\t\t\t\"responsive\":[\r\n\t\t\t\t\t\t\t{\"breakpoint\": 992,\r\n\t\t\t\t\t\t\t\t\"settings\":{\"slidesToShow\": 2}\r\n\t\t\t\t\t\t\t}, \r\n\t\t\t\t\t\t\t{\"breakpoint\": 576,\r\n\t\t\t\t\t\t\t\t\"settings\":{\"slidesToShow\": 1}\r\n\t\t\t\t\t\t\t} \r\n\t\t\t\t\t\t]\r\n\t\t\t\t\t}'>\r\n\t\t\t\t\t\t\t\t\t\t\t\t<div class=\"item\">\r\n\t\t\t\t\t\t\t\t<div class=\"card01\">\r\n\t\t\t\t\t\t\t\t\t<div class=\"card01__img\">\r\n\t\t\t\t\t\t\t\t\t<img decoding=\"async\" width=\"432\" height=\"578\" src=\"https:\/\/controle-technique-renaison.fr\/wp-content\/uploads\/2022\/03\/equipe-dvauto2.png\" class=\"attachment-full size-full\" alt=\"equipe-dvauto2\" srcset=\"https:\/\/controle-technique-renaison.fr\/wp-content\/uploads\/2022\/03\/equipe-dvauto2.png 432w, https:\/\/controle-technique-renaison.fr\/wp-content\/uploads\/2022\/03\/equipe-dvauto2-224x300.png 224w, https:\/\/controle-technique-renaison.fr\/wp-content\/uploads\/2022\/03\/equipe-dvauto2-367x491.png 367w\" sizes=\"(max-width: 432px) 100vw, 432px\" \/>\t\t\t\t\t\t\t\t\t\t<ul class=\"card01__social-icon\">\r\n\t\t\t\t\t\t\t\t\t\t\t\t\t\t\t\t\t\t\t\t<\/ul>\r\n\t\t\t\t\t\t\t\t\t<\/div>\r\n\t\t\t\t\t\t\t\t\t<div class=\"card01__wrapper\">\r\n\t\t\t\t\t\t\t\t\t\t<h6 class=\"card01__title\"><a href=\"#\">Laetitia Da Veiga<\/a><\/h6>\r\n\t\t\t\t\t\t\t\t\t\t<div class=\"card01__description\">Responsable Qualit\u00e9, Secr\u00e9tariat<\/div>\r\n\t\t\t\t\t\t\t\t\t<\/div>\r\n\t\t\t\t\t\t\t\t<\/div>\r\n\t\t\t\t\t\t\t<\/div>\r\n\t\t\t\t\t\t\t\t\t\t\t\t\t<div class=\"item\">\r\n\t\t\t\t\t\t\t\t<div class=\"card01\">\r\n\t\t\t\t\t\t\t\t\t<div class=\"card01__img\">\r\n\t\t\t\t\t\t\t\t\t<img decoding=\"async\" width=\"922\" height=\"1229\" src=\"https:\/\/controle-technique-renaison.fr\/wp-content\/uploads\/2022\/03\/equipe-dvauto1.1.jpg\" class=\"attachment-full size-full\" alt=\"equipe-dvauto1.1\" srcset=\"https:\/\/controle-technique-renaison.fr\/wp-content\/uploads\/2022\/03\/equipe-dvauto1.1.jpg 922w, https:\/\/controle-technique-renaison.fr\/wp-content\/uploads\/2022\/03\/equipe-dvauto1.1-225x300.jpg 225w, https:\/\/controle-technique-renaison.fr\/wp-content\/uploads\/2022\/03\/equipe-dvauto1.1-768x1024.jpg 768w, https:\/\/controle-technique-renaison.fr\/wp-content\/uploads\/2022\/03\/equipe-dvauto1.1-368x491.jpg 368w\" sizes=\"(max-width: 922px) 100vw, 922px\" \/>\t\t\t\t\t\t\t\t\t\t<ul class=\"card01__social-icon\">\r\n\t\t\t\t\t\t\t\t\t\t\t\t\t\t\t\t\t\t\t\t<\/ul>\r\n\t\t\t\t\t\t\t\t\t<\/div>\r\n\t\t\t\t\t\t\t\t\t<div class=\"card01__wrapper\">\r\n\t\t\t\t\t\t\t\t\t\t<h6 class=\"card01__title\"><a href=\"#\">Romain Da Veiga<\/a><\/h6>\r\n\t\t\t\t\t\t\t\t\t\t<div class=\"card01__description\">G\u00e9rant, Expert Contr\u00f4le Certifi\u00e9<\/div>\r\n\t\t\t\t\t\t\t\t\t<\/div>\r\n\t\t\t\t\t\t\t\t<\/div>\r\n\t\t\t\t\t\t\t<\/div>\r\n\t\t\t\t\t\t<\/div><\/div>\t\t\t<\/div>\r\n\t\t<\/div>\r\n\t\t\t\t\t\t<\/div>\n\t\t\t\t<\/div>\n\t\t\t\t\t<\/div>\n\t\t<\/div>\n\t\t\t\t\t<\/div>\n\t\t<\/section>\n\t\t\t\t<section class=\"elementor-section elementor-top-section elementor-element elementor-element-4fb4f2c elementor-section-boxed elementor-section-height-default elementor-section-height-default\" data-id=\"4fb4f2c\" data-element_type=\"section\" data-e-type=\"section\">\n\t\t\t\t\t\t<div class=\"elementor-container elementor-column-gap-default\">\n\t\t\t\t\t<div class=\"elementor-column elementor-col-100 elementor-top-column elementor-element elementor-element-f28fb72\" data-id=\"f28fb72\" data-element_type=\"column\" data-e-type=\"column\">\n\t\t\t<div class=\"elementor-widget-wrap elementor-element-populated\">\n\t\t\t\t\t\t<div class=\"elementor-element elementor-element-9813f24 elementor-widget elementor-widget-call-to-action\" data-id=\"9813f24\" data-element_type=\"widget\" data-e-type=\"widget\" data-widget_type=\"call-to-action.default\">\n\t\t\t\t<div class=\"elementor-widget-container\">\n\t\t\t\t\t \t\t\t\t<\/div>\n\t\t\t\t<\/div>\n\t\t\t\t\t<\/div>\n\t\t<\/div>\n\t\t\t\t\t<\/div>\n\t\t<\/section>\n\t\t\t\t<\/div>\n\t\t","protected":false},"excerpt":{"rendered":"<p>28 ans que nous contr\u00f4lons vos v\u00e9hicules Notre centre de contr\u00f4le technique de renaison \u00e0 vu le jour en 1998,ann\u00e9e de naissance de son nouveau propri\u00e9taire: Romain Da Veiga, g\u00e9rant, exploitant de la soci\u00e9t\u00e9 depuis le 1 er juillet 2021.\u00a0Situ\u00e9 en plein c\u0153ur de la c\u00f4te roannaise, vous trouverez facilement notre centre de contr\u00f4le technique [&hellip;]<\/p>\n","protected":false},"author":1,"featured_media":0,"parent":0,"menu_order":0,"comment_status":"closed","ping_status":"closed","template":"","meta":{"footnotes":""},"class_list":["post-1520","page","type-page","status-publish","hentry"],"yoast_head":"<!-- This site is optimized with the Yoast SEO plugin v27.3 - https:\/\/yoast.com\/product\/yoast-seo-wordpress\/ -->\n<title>A propos - Contr\u00f4le Technique Renaison<\/title>\n<meta name=\"description\" content=\"Notre centre de contr\u00f4le technique de renaison \u00e0 vu le jour en 1998, ann\u00e9e de naissance de son nouveau propri\u00e9taire: Romain Da Veiga, g\u00e9rant, exploitant de la soci\u00e9t\u00e9 depuis le 1 er juillet 2021.\" \/>\n<meta name=\"robots\" content=\"index, follow, max-snippet:-1, max-image-preview:large, max-video-preview:-1\" \/>\n<link rel=\"canonical\" href=\"https:\/\/controle-technique-renaison.fr\/index.php\/a-propos\/\" \/>\n<meta property=\"og:locale\" content=\"fr_FR\" \/>\n<meta property=\"og:type\" content=\"article\" \/>\n<meta property=\"og:title\" content=\"A propos - Contr\u00f4le Technique Renaison\" \/>\n<meta property=\"og:description\" content=\"Notre centre de contr\u00f4le technique de renaison \u00e0 vu le jour en 1998, ann\u00e9e de naissance de son nouveau propri\u00e9taire: Romain Da Veiga, g\u00e9rant, exploitant de la soci\u00e9t\u00e9 depuis le 1 er juillet 2021.\" \/>\n<meta property=\"og:url\" content=\"https:\/\/controle-technique-renaison.fr\/index.php\/a-propos\/\" \/>\n<meta property=\"og:site_name\" content=\"Contr\u00f4le Technique Renaison\" \/>\n<meta property=\"article:publisher\" content=\"https:\/\/www.facebook.com\/controletechniquerenaison\" \/>\n<meta property=\"article:modified_time\" content=\"2026-03-10T14:01:01+00:00\" \/>\n<meta property=\"og:image\" content=\"https:\/\/controle-technique-renaison.fr\/wp-content\/uploads\/2022\/03\/controle-dvauto13.jpeg\" \/>\n\t<meta property=\"og:image:width\" content=\"1536\" \/>\n\t<meta property=\"og:image:height\" content=\"2048\" \/>\n\t<meta property=\"og:image:type\" content=\"image\/jpeg\" \/>\n<meta name=\"twitter:card\" content=\"summary_large_image\" \/>\n<meta name=\"twitter:label1\" content=\"Dur\u00e9e de lecture estim\u00e9e\" \/>\n\t<meta name=\"twitter:data1\" content=\"2 minutes\" \/>\n<script type=\"application\/ld+json\" class=\"yoast-schema-graph\">{\"@context\":\"https:\\\/\\\/schema.org\",\"@graph\":[{\"@type\":[\"WebPage\",\"AboutPage\"],\"@id\":\"https:\\\/\\\/controle-technique-renaison.fr\\\/index.php\\\/a-propos\\\/\",\"url\":\"https:\\\/\\\/controle-technique-renaison.fr\\\/index.php\\\/a-propos\\\/\",\"name\":\"A propos - Contr\u00f4le Technique Renaison\",\"isPartOf\":{\"@id\":\"https:\\\/\\\/controle-technique-renaison.fr\\\/#website\"},\"primaryImageOfPage\":{\"@id\":\"https:\\\/\\\/controle-technique-renaison.fr\\\/index.php\\\/a-propos\\\/#primaryimage\"},\"image\":{\"@id\":\"https:\\\/\\\/controle-technique-renaison.fr\\\/index.php\\\/a-propos\\\/#primaryimage\"},\"thumbnailUrl\":\"https:\\\/\\\/controle-technique-renaison.fr\\\/wp-content\\\/uploads\\\/2022\\\/03\\\/controle-dvauto13-368x491.jpeg\",\"datePublished\":\"2017-03-08T07:18:04+00:00\",\"dateModified\":\"2026-03-10T14:01:01+00:00\",\"description\":\"Notre centre de contr\u00f4le technique de renaison \u00e0 vu le jour en 1998, ann\u00e9e de naissance de son nouveau propri\u00e9taire: Romain Da Veiga, g\u00e9rant, exploitant de la soci\u00e9t\u00e9 depuis le 1 er juillet 2021.\",\"breadcrumb\":{\"@id\":\"https:\\\/\\\/controle-technique-renaison.fr\\\/index.php\\\/a-propos\\\/#breadcrumb\"},\"inLanguage\":\"fr-FR\",\"potentialAction\":[{\"@type\":\"ReadAction\",\"target\":[\"https:\\\/\\\/controle-technique-renaison.fr\\\/index.php\\\/a-propos\\\/\"]}]},{\"@type\":\"ImageObject\",\"inLanguage\":\"fr-FR\",\"@id\":\"https:\\\/\\\/controle-technique-renaison.fr\\\/index.php\\\/a-propos\\\/#primaryimage\",\"url\":\"https:\\\/\\\/controle-technique-renaison.fr\\\/wp-content\\\/uploads\\\/2022\\\/03\\\/controle-dvauto13.jpeg\",\"contentUrl\":\"https:\\\/\\\/controle-technique-renaison.fr\\\/wp-content\\\/uploads\\\/2022\\\/03\\\/controle-dvauto13.jpeg\",\"width\":1536,\"height\":2048,\"caption\":\"controle-dvauto13\"},{\"@type\":\"BreadcrumbList\",\"@id\":\"https:\\\/\\\/controle-technique-renaison.fr\\\/index.php\\\/a-propos\\\/#breadcrumb\",\"itemListElement\":[{\"@type\":\"ListItem\",\"position\":1,\"name\":\"Accueil\",\"item\":\"https:\\\/\\\/controle-technique-renaison.fr\\\/\"},{\"@type\":\"ListItem\",\"position\":2,\"name\":\"A propos\"}]},{\"@type\":\"WebSite\",\"@id\":\"https:\\\/\\\/controle-technique-renaison.fr\\\/#website\",\"url\":\"https:\\\/\\\/controle-technique-renaison.fr\\\/\",\"name\":\"Contr\u00f4le Technique Renaison\",\"description\":\"Contr\u00f4le Technique Renaison\",\"publisher\":{\"@id\":\"https:\\\/\\\/controle-technique-renaison.fr\\\/#organization\"},\"potentialAction\":[{\"@type\":\"SearchAction\",\"target\":{\"@type\":\"EntryPoint\",\"urlTemplate\":\"https:\\\/\\\/controle-technique-renaison.fr\\\/?s={search_term_string}\"},\"query-input\":{\"@type\":\"PropertyValueSpecification\",\"valueRequired\":true,\"valueName\":\"search_term_string\"}}],\"inLanguage\":\"fr-FR\"},{\"@type\":\"Organization\",\"@id\":\"https:\\\/\\\/controle-technique-renaison.fr\\\/#organization\",\"name\":\"Contr\u00f4le Technique Renaison\",\"url\":\"https:\\\/\\\/controle-technique-renaison.fr\\\/\",\"logo\":{\"@type\":\"ImageObject\",\"inLanguage\":\"fr-FR\",\"@id\":\"https:\\\/\\\/controle-technique-renaison.fr\\\/#\\\/schema\\\/logo\\\/image\\\/\",\"url\":\"https:\\\/\\\/controle-technique-renaison.fr\\\/wp-content\\\/uploads\\\/2021\\\/12\\\/cropped-logo.jpg\",\"contentUrl\":\"https:\\\/\\\/controle-technique-renaison.fr\\\/wp-content\\\/uploads\\\/2021\\\/12\\\/cropped-logo.jpg\",\"width\":120,\"height\":120,\"caption\":\"Contr\u00f4le Technique Renaison\"},\"image\":{\"@id\":\"https:\\\/\\\/controle-technique-renaison.fr\\\/#\\\/schema\\\/logo\\\/image\\\/\"},\"sameAs\":[\"https:\\\/\\\/www.facebook.com\\\/controletechniquerenaison\",\"https:\\\/\\\/www.instagram.com\\\/controle_technique_renaison\\\/\"]}]}<\/script>\n<!-- \/ Yoast SEO plugin. -->","yoast_head_json":{"title":"A propos - Contr\u00f4le Technique Renaison","description":"Notre centre de contr\u00f4le technique de renaison \u00e0 vu le jour en 1998, ann\u00e9e de naissance de son nouveau propri\u00e9taire: Romain Da Veiga, g\u00e9rant, exploitant de la soci\u00e9t\u00e9 depuis le 1 er juillet 2021.","robots":{"index":"index","follow":"follow","max-snippet":"max-snippet:-1","max-image-preview":"max-image-preview:large","max-video-preview":"max-video-preview:-1"},"canonical":"https:\/\/controle-technique-renaison.fr\/index.php\/a-propos\/","og_locale":"fr_FR","og_type":"article","og_title":"A propos - Contr\u00f4le Technique Renaison","og_description":"Notre centre de contr\u00f4le technique de renaison \u00e0 vu le jour en 1998, ann\u00e9e de naissance de son nouveau propri\u00e9taire: Romain Da Veiga, g\u00e9rant, exploitant de la soci\u00e9t\u00e9 depuis le 1 er juillet 2021.","og_url":"https:\/\/controle-technique-renaison.fr\/index.php\/a-propos\/","og_site_name":"Contr\u00f4le Technique Renaison","article_publisher":"https:\/\/www.facebook.com\/controletechniquerenaison","article_modified_time":"2026-03-10T14:01:01+00:00","og_image":[{"width":1536,"height":2048,"url":"https:\/\/controle-technique-renaison.fr\/wp-content\/uploads\/2022\/03\/controle-dvauto13.jpeg","type":"image\/jpeg"}],"twitter_card":"summary_large_image","twitter_misc":{"Dur\u00e9e de lecture estim\u00e9e":"2 minutes"},"schema":{"@context":"https:\/\/schema.org","@graph":[{"@type":["WebPage","AboutPage"],"@id":"https:\/\/controle-technique-renaison.fr\/index.php\/a-propos\/","url":"https:\/\/controle-technique-renaison.fr\/index.php\/a-propos\/","name":"A propos - Contr\u00f4le Technique Renaison","isPartOf":{"@id":"https:\/\/controle-technique-renaison.fr\/#website"},"primaryImageOfPage":{"@id":"https:\/\/controle-technique-renaison.fr\/index.php\/a-propos\/#primaryimage"},"image":{"@id":"https:\/\/controle-technique-renaison.fr\/index.php\/a-propos\/#primaryimage"},"thumbnailUrl":"https:\/\/controle-technique-renaison.fr\/wp-content\/uploads\/2022\/03\/controle-dvauto13-368x491.jpeg","datePublished":"2017-03-08T07:18:04+00:00","dateModified":"2026-03-10T14:01:01+00:00","description":"Notre centre de contr\u00f4le technique de renaison \u00e0 vu le jour en 1998, ann\u00e9e de naissance de son nouveau propri\u00e9taire: Romain Da Veiga, g\u00e9rant, exploitant de la soci\u00e9t\u00e9 depuis le 1 er juillet 2021.","breadcrumb":{"@id":"https:\/\/controle-technique-renaison.fr\/index.php\/a-propos\/#breadcrumb"},"inLanguage":"fr-FR","potentialAction":[{"@type":"ReadAction","target":["https:\/\/controle-technique-renaison.fr\/index.php\/a-propos\/"]}]},{"@type":"ImageObject","inLanguage":"fr-FR","@id":"https:\/\/controle-technique-renaison.fr\/index.php\/a-propos\/#primaryimage","url":"https:\/\/controle-technique-renaison.fr\/wp-content\/uploads\/2022\/03\/controle-dvauto13.jpeg","contentUrl":"https:\/\/controle-technique-renaison.fr\/wp-content\/uploads\/2022\/03\/controle-dvauto13.jpeg","width":1536,"height":2048,"caption":"controle-dvauto13"},{"@type":"BreadcrumbList","@id":"https:\/\/controle-technique-renaison.fr\/index.php\/a-propos\/#breadcrumb","itemListElement":[{"@type":"ListItem","position":1,"name":"Accueil","item":"https:\/\/controle-technique-renaison.fr\/"},{"@type":"ListItem","position":2,"name":"A propos"}]},{"@type":"WebSite","@id":"https:\/\/controle-technique-renaison.fr\/#website","url":"https:\/\/controle-technique-renaison.fr\/","name":"Contr\u00f4le Technique Renaison","description":"Contr\u00f4le Technique Renaison","publisher":{"@id":"https:\/\/controle-technique-renaison.fr\/#organization"},"potentialAction":[{"@type":"SearchAction","target":{"@type":"EntryPoint","urlTemplate":"https:\/\/controle-technique-renaison.fr\/?s={search_term_string}"},"query-input":{"@type":"PropertyValueSpecification","valueRequired":true,"valueName":"search_term_string"}}],"inLanguage":"fr-FR"},{"@type":"Organization","@id":"https:\/\/controle-technique-renaison.fr\/#organization","name":"Contr\u00f4le Technique Renaison","url":"https:\/\/controle-technique-renaison.fr\/","logo":{"@type":"ImageObject","inLanguage":"fr-FR","@id":"https:\/\/controle-technique-renaison.fr\/#\/schema\/logo\/image\/","url":"https:\/\/controle-technique-renaison.fr\/wp-content\/uploads\/2021\/12\/cropped-logo.jpg","contentUrl":"https:\/\/controle-technique-renaison.fr\/wp-content\/uploads\/2021\/12\/cropped-logo.jpg","width":120,"height":120,"caption":"Contr\u00f4le Technique Renaison"},"image":{"@id":"https:\/\/controle-technique-renaison.fr\/#\/schema\/logo\/image\/"},"sameAs":["https:\/\/www.facebook.com\/controletechniquerenaison","https:\/\/www.instagram.com\/controle_technique_renaison\/"]}]}},"_links":{"self":[{"href":"https:\/\/controle-technique-renaison.fr\/index.php\/wp-json\/wp\/v2\/pages\/1520","targetHints":{"allow":["GET"]}}],"collection":[{"href":"https:\/\/controle-technique-renaison.fr\/index.php\/wp-json\/wp\/v2\/pages"}],"about":[{"href":"https:\/\/controle-technique-renaison.fr\/index.php\/wp-json\/wp\/v2\/types\/page"}],"author":[{"embeddable":true,"href":"https:\/\/controle-technique-renaison.fr\/index.php\/wp-json\/wp\/v2\/users\/1"}],"replies":[{"embeddable":true,"href":"https:\/\/controle-technique-renaison.fr\/index.php\/wp-json\/wp\/v2\/comments?post=1520"}],"version-history":[{"count":19,"href":"https:\/\/controle-technique-renaison.fr\/index.php\/wp-json\/wp\/v2\/pages\/1520\/revisions"}],"predecessor-version":[{"id":4064,"href":"https:\/\/controle-technique-renaison.fr\/index.php\/wp-json\/wp\/v2\/pages\/1520\/revisions\/4064"}],"wp:attachment":[{"href":"https:\/\/controle-technique-renaison.fr\/index.php\/wp-json\/wp\/v2\/media?parent=1520"}],"curies":[{"name":"wp","href":"https:\/\/api.w.org\/{rel}","templated":true}]}}